{"id":4411,"date":"2020-10-19T08:30:11","date_gmt":"2020-10-19T08:30:11","guid":{"rendered":"https:\/\/lightup.lv\/product\/darbs-no-majam-darba-galds-majas-3\/"},"modified":"2024-02-09T08:04:42","modified_gmt":"2024-02-09T08:04:42","slug":"darbs-no-majam-darba-galds-majas-3","status":"publish","type":"product","link":"https:\/\/lightup.lv\/lt\/produktu-katalogas\/darbs-no-majam-darba-galds-majas-3\/","title":{"rendered":"St James Desk Oak"},"content":{"rendered":"<p>Mas\u012bv\u0101s ozolkoka k\u0101jas, priek\u0161\u0113j\u0101 mala un s\u0101ni. Ozola finier\u0113ta aug\u0161da\u013ca, sliedes un izvelkama darba virsma. Kad izvelkam\u0101 darba virsma ir atv\u0113rta, izstr\u0101d\u0101juma dzi\u013cums palielin\u0101s l\u012bdz 69 cm. Zem korpusa kabe\u013ciem ir caurumi.<\/p>\n<p>Izm\u0113rs: 117x47x84<\/p>\n<p>ID 114001001014<\/p>","protected":false},"excerpt":{"rendered":"<p>Izm\u0113rs: 117x47x84<\/p>\n<p>&nbsp;<\/p>","protected":false},"featured_media":4412,"template":"","meta":{"_acf_changed":false},"product_brand":[],"product_cat":[101],"product_tag":[102],"class_list":{"0":"post-4411","1":"product","2":"type-product","3":"status-publish","4":"has-post-thumbnail","6":"product_cat-biroja-mebeles","7":"product_tag-woodman","9":"first","10":"onbackorder","11":"shipping-taxable","12":"purchasable","13":"product-type-simple"},"acf":[],"_links":{"self":[{"href":"https:\/\/lightup.lv\/lt\/wp-json\/wp\/v2\/product\/4411","targetHints":{"allow":["GET"]}}],"collection":[{"href":"https:\/\/lightup.lv\/lt\/wp-json\/wp\/v2\/product"}],"about":[{"href":"https:\/\/lightup.lv\/lt\/wp-json\/wp\/v2\/types\/product"}],"wp:featuredmedia":[{"embeddable":true,"href":"https:\/\/lightup.lv\/lt\/wp-json\/wp\/v2\/media\/4412"}],"wp:attachment":[{"href":"https:\/\/lightup.lv\/lt\/wp-json\/wp\/v2\/media?parent=4411"}],"wp:term":[{"taxonomy":"product_brand","embeddable":true,"href":"https:\/\/lightup.lv\/lt\/wp-json\/wp\/v2\/product_brand?post=4411"},{"taxonomy":"product_cat","embeddable":true,"href":"https:\/\/lightup.lv\/lt\/wp-json\/wp\/v2\/product_cat?post=4411"},{"taxonomy":"product_tag","embeddable":true,"href":"https:\/\/lightup.lv\/lt\/wp-json\/wp\/v2\/product_tag?post=4411"}],"curies":[{"name":"wp","href":"https:\/\/api.w.org\/{rel}","templated":true}]}}