{"id":4475,"date":"2020-10-19T09:33:23","date_gmt":"2020-10-19T09:33:23","guid":{"rendered":"https:\/\/lightup.lv\/product\/darbs-no-majam-darba-galds-majas-10\/"},"modified":"2024-02-09T08:05:41","modified_gmt":"2024-02-09T08:05:41","slug":"darbs-no-majam-darba-galds-majas-10","status":"publish","type":"product","link":"https:\/\/lightup.lv\/lt\/produktu-katalogas\/darbs-no-majam-darba-galds-majas-10\/","title":{"rendered":"Northgate Desk White"},"content":{"rendered":"<p>Balta melam\u012bna galda virsma ar ciet\u0101m b\u0113rza k\u0101j\u0101m, viena atvilktne. Glab\u0101\u0161anas nodal\u012bjumam (W39xD56xH8,6cm) ir atv\u0113rta da\u013ca un atvilktne uz met\u0101la slied\u0113m (blum). Atvilkt\u0146u iek\u0161\u0113jie izm\u0113ri ir W57xD28xH5cm. Galda aizmugur\u0113 zem atloka (atveras) ir kast\u012bte ar atveri kabe\u013ciem.<\/p>\n<p>Izm\u0113rs: 112x60x76cm<\/p>\n<p>ID 139002108014<\/p>","protected":false},"excerpt":{"rendered":"<p>Izm\u0113rs: 112x60x76cm<\/p>","protected":false},"featured_media":4476,"template":"","meta":{"_acf_changed":false},"product_brand":[],"product_cat":[101],"product_tag":[102],"class_list":{"0":"post-4475","1":"product","2":"type-product","3":"status-publish","4":"has-post-thumbnail","6":"product_cat-biroja-mebeles","7":"product_tag-woodman","9":"first","10":"onbackorder","11":"shipping-taxable","12":"purchasable","13":"product-type-simple"},"acf":[],"_links":{"self":[{"href":"https:\/\/lightup.lv\/lt\/wp-json\/wp\/v2\/product\/4475","targetHints":{"allow":["GET"]}}],"collection":[{"href":"https:\/\/lightup.lv\/lt\/wp-json\/wp\/v2\/product"}],"about":[{"href":"https:\/\/lightup.lv\/lt\/wp-json\/wp\/v2\/types\/product"}],"wp:featuredmedia":[{"embeddable":true,"href":"https:\/\/lightup.lv\/lt\/wp-json\/wp\/v2\/media\/4476"}],"wp:attachment":[{"href":"https:\/\/lightup.lv\/lt\/wp-json\/wp\/v2\/media?parent=4475"}],"wp:term":[{"taxonomy":"product_brand","embeddable":true,"href":"https:\/\/lightup.lv\/lt\/wp-json\/wp\/v2\/product_brand?post=4475"},{"taxonomy":"product_cat","embeddable":true,"href":"https:\/\/lightup.lv\/lt\/wp-json\/wp\/v2\/product_cat?post=4475"},{"taxonomy":"product_tag","embeddable":true,"href":"https:\/\/lightup.lv\/lt\/wp-json\/wp\/v2\/product_tag?post=4475"}],"curies":[{"name":"wp","href":"https:\/\/api.w.org\/{rel}","templated":true}]}}