{"id":4486,"date":"2020-10-19T10:19:18","date_gmt":"2020-10-19T10:19:18","guid":{"rendered":"https:\/\/lightup.lv\/product\/darbs-no-majam-darba-galds-majas-11\/"},"modified":"2025-05-10T12:34:50","modified_gmt":"2025-05-10T10:34:50","slug":"darbs-no-majam-darba-galds-majas-11","status":"publish","type":"product","link":"https:\/\/lightup.lv\/lt\/produktu-katalogas\/darbs-no-majam-darba-galds-majas-11\/","title":{"rendered":"Rakst\u0101mgalds Feldbach"},"content":{"rendered":"<p>Galds no in\u017eenierijas un mas\u012bvkoka. Divas atvilktnes, darba virsmai ir aizmugur\u0113j\u0101 kabata. Divas ozolkoka melam\u012bna atvilktnes (W45xD34cm) uz slied\u0113m (Blum551H3601). Darba virsmai ir aizmugur\u0113j\u0101 kabata ar izm\u0113riem W100xD8,3xH8,4cm. Kabatas apak\u0161\u0101 ir caurums kabe\u013ciem. Augstums no zemes l\u012bdz korpusam ir 64 cm. Izmantojam\u0101 aug\u0161da\u013cas da\u013ca ir W112xD42,7cm.<\/p>\n<p>Izm\u0113rs: 126x60x79cm<\/p>\n<p>ID 189003001094<\/p>","protected":false},"excerpt":{"rendered":"<p>Izm\u0113rs: 126x60x79cm<\/p>","protected":false},"featured_media":4487,"template":"","meta":{"_acf_changed":false},"product_brand":[],"product_cat":[101,103,22],"product_tag":[102],"class_list":{"0":"post-4486","1":"product","2":"type-product","3":"status-publish","4":"has-post-thumbnail","6":"product_cat-biroja-mebeles","7":"product_cat-darba-galdi","8":"product_cat-galdi","9":"product_tag-woodman","11":"first","12":"onbackorder","13":"shipping-taxable","14":"purchasable","15":"product-type-simple"},"acf":[],"_links":{"self":[{"href":"https:\/\/lightup.lv\/lt\/wp-json\/wp\/v2\/product\/4486","targetHints":{"allow":["GET"]}}],"collection":[{"href":"https:\/\/lightup.lv\/lt\/wp-json\/wp\/v2\/product"}],"about":[{"href":"https:\/\/lightup.lv\/lt\/wp-json\/wp\/v2\/types\/product"}],"wp:featuredmedia":[{"embeddable":true,"href":"https:\/\/lightup.lv\/lt\/wp-json\/wp\/v2\/media\/4487"}],"wp:attachment":[{"href":"https:\/\/lightup.lv\/lt\/wp-json\/wp\/v2\/media?parent=4486"}],"wp:term":[{"taxonomy":"product_brand","embeddable":true,"href":"https:\/\/lightup.lv\/lt\/wp-json\/wp\/v2\/product_brand?post=4486"},{"taxonomy":"product_cat","embeddable":true,"href":"https:\/\/lightup.lv\/lt\/wp-json\/wp\/v2\/product_cat?post=4486"},{"taxonomy":"product_tag","embeddable":true,"href":"https:\/\/lightup.lv\/lt\/wp-json\/wp\/v2\/product_tag?post=4486"}],"curies":[{"name":"wp","href":"https:\/\/api.w.org\/{rel}","templated":true}]}}