{"id":4504,"date":"2020-10-19T10:26:59","date_gmt":"2020-10-19T10:26:59","guid":{"rendered":"https:\/\/lightup.lv\/product\/darbs-no-majam-darba-galds-majas-13\/"},"modified":"2024-02-09T08:06:09","modified_gmt":"2024-02-09T08:06:09","slug":"darbs-no-majam-darba-galds-majas-13","status":"publish","type":"product","link":"https:\/\/lightup.lv\/lt\/produktu-katalogas\/darbs-no-majam-darba-galds-majas-13\/","title":{"rendered":"Sonnenblick Desk"},"content":{"rendered":"<p>Da\u013c\u0113ji ozolkoka finier\u0113ts un da\u013c\u0113ji balt\u0101 kr\u0101s\u0101 kr\u0101sots galda korpuss. Da\u013c\u0113ji baltas kr\u0101sas kr\u0101sotas mas\u012bvkoka k\u0101jas. Balta melam\u012bna atvilktne (W36xD38xH5cm) uz met\u0101la slied\u0113m.<br \/>\nIzm\u0113rs: 120x60x75cm<\/p>\n<p>ID 186003001084<\/p>","protected":false},"excerpt":{"rendered":"<p>Izm\u0113rs: 120x60x75cm<\/p>","protected":false},"featured_media":4505,"template":"","meta":{"_acf_changed":false},"product_brand":[],"product_cat":[101],"product_tag":[102],"class_list":{"0":"post-4504","1":"product","2":"type-product","3":"status-publish","4":"has-post-thumbnail","6":"product_cat-biroja-mebeles","7":"product_tag-woodman","9":"first","10":"onbackorder","11":"shipping-taxable","12":"purchasable","13":"product-type-simple"},"acf":[],"_links":{"self":[{"href":"https:\/\/lightup.lv\/lt\/wp-json\/wp\/v2\/product\/4504","targetHints":{"allow":["GET"]}}],"collection":[{"href":"https:\/\/lightup.lv\/lt\/wp-json\/wp\/v2\/product"}],"about":[{"href":"https:\/\/lightup.lv\/lt\/wp-json\/wp\/v2\/types\/product"}],"wp:featuredmedia":[{"embeddable":true,"href":"https:\/\/lightup.lv\/lt\/wp-json\/wp\/v2\/media\/4505"}],"wp:attachment":[{"href":"https:\/\/lightup.lv\/lt\/wp-json\/wp\/v2\/media?parent=4504"}],"wp:term":[{"taxonomy":"product_brand","embeddable":true,"href":"https:\/\/lightup.lv\/lt\/wp-json\/wp\/v2\/product_brand?post=4504"},{"taxonomy":"product_cat","embeddable":true,"href":"https:\/\/lightup.lv\/lt\/wp-json\/wp\/v2\/product_cat?post=4504"},{"taxonomy":"product_tag","embeddable":true,"href":"https:\/\/lightup.lv\/lt\/wp-json\/wp\/v2\/product_tag?post=4504"}],"curies":[{"name":"wp","href":"https:\/\/api.w.org\/{rel}","templated":true}]}}