{"id":4602,"date":"2021-01-20T09:39:21","date_gmt":"2021-01-20T09:39:21","guid":{"rendered":"https:\/\/lightup.lv\/product\/jugend-dining-table-walnut\/"},"modified":"2025-05-13T12:17:34","modified_gmt":"2025-05-13T10:17:34","slug":"jugend-dining-table-walnut","status":"publish","type":"product","link":"https:\/\/lightup.lv\/lt\/produktu-katalogas\/jugend-dining-table-walnut\/","title":{"rendered":"Valgomojo stalas Jugend, rie\u0161utmedis"},"content":{"rendered":"<p>Valriekstu finier\u0113ta galda virsma ar melna met\u0101la k\u0101j\u0101m.<\/p>\n<p>Izm\u0113rs 200x95x75 cm<\/p>\n<p>ID 222210005162<\/p>","protected":false},"excerpt":{"rendered":"<p>Valriekstu finier\u0113ta galda virsma ar melna met\u0101la k\u0101j\u0101m. Izm\u0113rs 200x95x75 cm ID 222210005162<\/p>","protected":false},"featured_media":35715,"template":"","meta":{"_acf_changed":false},"product_brand":[],"product_cat":[22,23],"product_tag":[102],"class_list":{"0":"post-4602","1":"product","2":"type-product","3":"status-publish","4":"has-post-thumbnail","6":"product_cat-galdi","7":"product_cat-pusdienu-galdi","8":"product_tag-woodman","10":"first","11":"onbackorder","12":"shipping-taxable","13":"purchasable","14":"product-type-simple"},"acf":[],"_links":{"self":[{"href":"https:\/\/lightup.lv\/lt\/wp-json\/wp\/v2\/product\/4602","targetHints":{"allow":["GET"]}}],"collection":[{"href":"https:\/\/lightup.lv\/lt\/wp-json\/wp\/v2\/product"}],"about":[{"href":"https:\/\/lightup.lv\/lt\/wp-json\/wp\/v2\/types\/product"}],"wp:featuredmedia":[{"embeddable":true,"href":"https:\/\/lightup.lv\/lt\/wp-json\/wp\/v2\/media\/35715"}],"wp:attachment":[{"href":"https:\/\/lightup.lv\/lt\/wp-json\/wp\/v2\/media?parent=4602"}],"wp:term":[{"taxonomy":"product_brand","embeddable":true,"href":"https:\/\/lightup.lv\/lt\/wp-json\/wp\/v2\/product_brand?post=4602"},{"taxonomy":"product_cat","embeddable":true,"href":"https:\/\/lightup.lv\/lt\/wp-json\/wp\/v2\/product_cat?post=4602"},{"taxonomy":"product_tag","embeddable":true,"href":"https:\/\/lightup.lv\/lt\/wp-json\/wp\/v2\/product_tag?post=4602"}],"curies":[{"name":"wp","href":"https:\/\/api.w.org\/{rel}","templated":true}]}}