{"id":4614,"date":"2021-01-20T10:06:33","date_gmt":"2021-01-20T10:06:33","guid":{"rendered":"https:\/\/lightup.lv\/product\/kensal-dining-table-extending\/"},"modified":"2025-05-10T13:24:16","modified_gmt":"2025-05-10T11:24:16","slug":"kensal-valgomojo-stalas-isskleidziamas","status":"publish","type":"product","link":"https:\/\/lightup.lv\/lt\/precu-katalogs\/kensal-dining-table-extending\/","title":{"rendered":"Kensal valgomojo stalas \u2013 i\u0161traukiamas"},"content":{"rendered":"<p>\u0104\u017euolo faneruot\u0117mis dengtas i\u0161skleid\u017eiamas stalas su masyviomis \u0105\u017euolo kojomis.<\/p>\n<p>ID 104111001014<\/p>","protected":false},"excerpt":{"rendered":"<p>Dydis 160(200)x90x77<\/p>","protected":false},"featured_media":4615,"template":"","meta":{"_acf_changed":false},"product_brand":[],"product_cat":[22,23],"product_tag":[102],"class_list":{"0":"post-4614","1":"product","2":"type-product","3":"status-publish","4":"has-post-thumbnail","6":"product_cat-galdi","7":"product_cat-pusdienu-galdi","8":"product_tag-woodman","10":"first","11":"onbackorder","12":"shipping-taxable","13":"purchasable","14":"product-type-simple"},"acf":[],"_links":{"self":[{"href":"https:\/\/lightup.lv\/lt\/wp-json\/wp\/v2\/product\/4614","targetHints":{"allow":["GET"]}}],"collection":[{"href":"https:\/\/lightup.lv\/lt\/wp-json\/wp\/v2\/product"}],"about":[{"href":"https:\/\/lightup.lv\/lt\/wp-json\/wp\/v2\/types\/product"}],"wp:featuredmedia":[{"embeddable":true,"href":"https:\/\/lightup.lv\/lt\/wp-json\/wp\/v2\/media\/4615"}],"wp:attachment":[{"href":"https:\/\/lightup.lv\/lt\/wp-json\/wp\/v2\/media?parent=4614"}],"wp:term":[{"taxonomy":"product_brand","embeddable":true,"href":"https:\/\/lightup.lv\/lt\/wp-json\/wp\/v2\/product_brand?post=4614"},{"taxonomy":"product_cat","embeddable":true,"href":"https:\/\/lightup.lv\/lt\/wp-json\/wp\/v2\/product_cat?post=4614"},{"taxonomy":"product_tag","embeddable":true,"href":"https:\/\/lightup.lv\/lt\/wp-json\/wp\/v2\/product_tag?post=4614"}],"curies":[{"name":"wp","href":"https:\/\/api.w.org\/{rel}","templated":true}]}}