{"id":4706,"date":"2021-01-20T13:35:17","date_gmt":"2021-01-20T13:35:17","guid":{"rendered":"https:\/\/lightup.lv\/product\/jugend-tv-unit-walnut\/"},"modified":"2024-02-09T04:41:24","modified_gmt":"2024-02-09T04:41:24","slug":"jugend-tv-unit-walnut","status":"publish","type":"product","link":"https:\/\/lightup.lv\/lt\/produktu-katalogas\/jugend-tv-unit-walnut\/","title":{"rendered":"Jugend TV Unit Walnut"},"content":{"rendered":"<p><span class=\"JLqJ4b ChMk0b\" data-language-for-alternatives=\"lv\" data-language-to-translate-into=\"en\" data-phrase-index=\"0\">\u0160is modernais TV galdi\u0146\u0161 piesaista burv\u012bgu siltu koka izskatu un elegantu dizainu.<\/span> <span class=\"JLqJ4b ChMk0b\" data-language-for-alternatives=\"lv\" data-language-to-translate-into=\"en\" data-phrase-index=\"1\">Tas ir praktisks, k\u0101 ar\u012b skaists.<\/span> <span class=\"JLqJ4b ChMk0b\" data-language-for-alternatives=\"lv\" data-language-to-translate-into=\"en\" data-phrase-index=\"2\">Koka izci\u013c\u0146i uz k\u0101j\u0101m pie\u0161\u0137ir papildu raksturu.<\/span> <span class=\"JLqJ4b ChMk0b\" data-language-for-alternatives=\"lv\" data-language-to-translate-into=\"en\" data-phrase-index=\"3\">Durv\u012bm un atvilktn\u0113m ir soft-close aizv\u0113r\u0161anas funkcija.<\/span> <span class=\"JLqJ4b ChMk0b\" data-language-for-alternatives=\"lv\" data-language-to-translate-into=\"en\" data-phrase-index=\"4\">Izgatavots no augstas kvalit\u0101tes koka materi\u0101liem.<\/span> <span class=\"JLqJ4b ChMk0b\" data-language-for-alternatives=\"lv\" data-language-to-translate-into=\"en\" data-phrase-index=\"5\">Valrieksts pie\u0161\u0137ir papildus grezno izskatu.<\/span><\/p>\n<p>ID 222224005162<\/p>","protected":false},"excerpt":{"rendered":"<p>Izm\u0113rs 150X45X52cm<\/p>","protected":false},"featured_media":4707,"template":"","meta":{"_acf_changed":false},"product_brand":[],"product_cat":[30,31],"product_tag":[102],"class_list":{"0":"post-4706","1":"product","2":"type-product","3":"status-publish","4":"has-post-thumbnail","6":"product_cat-korpusa-mebeles","7":"product_cat-tv-plaukti","8":"product_tag-woodman","10":"first","11":"onbackorder","12":"shipping-taxable","13":"purchasable","14":"product-type-simple"},"acf":[],"_links":{"self":[{"href":"https:\/\/lightup.lv\/lt\/wp-json\/wp\/v2\/product\/4706","targetHints":{"allow":["GET"]}}],"collection":[{"href":"https:\/\/lightup.lv\/lt\/wp-json\/wp\/v2\/product"}],"about":[{"href":"https:\/\/lightup.lv\/lt\/wp-json\/wp\/v2\/types\/product"}],"wp:featuredmedia":[{"embeddable":true,"href":"https:\/\/lightup.lv\/lt\/wp-json\/wp\/v2\/media\/4707"}],"wp:attachment":[{"href":"https:\/\/lightup.lv\/lt\/wp-json\/wp\/v2\/media?parent=4706"}],"wp:term":[{"taxonomy":"product_brand","embeddable":true,"href":"https:\/\/lightup.lv\/lt\/wp-json\/wp\/v2\/product_brand?post=4706"},{"taxonomy":"product_cat","embeddable":true,"href":"https:\/\/lightup.lv\/lt\/wp-json\/wp\/v2\/product_cat?post=4706"},{"taxonomy":"product_tag","embeddable":true,"href":"https:\/\/lightup.lv\/lt\/wp-json\/wp\/v2\/product_tag?post=4706"}],"curies":[{"name":"wp","href":"https:\/\/api.w.org\/{rel}","templated":true}]}}