{"id":4873,"date":"2021-01-21T11:47:32","date_gmt":"2021-01-21T11:47:32","guid":{"rendered":"https:\/\/lightup.lv\/product\/flop-sideboard-walnut-white\/"},"modified":"2024-02-09T08:10:41","modified_gmt":"2024-02-09T08:10:41","slug":"flop-sideboard-walnut-white","status":"publish","type":"product","link":"https:\/\/lightup.lv\/lt\/produktu-katalogas\/flop-sideboard-walnut-white\/","title":{"rendered":"Flop Sideboard Walnut\/White"},"content":{"rendered":"<p>Korpuss ir izgatavots no finiera valrieksta. Kr\u0101saina laka aug\u0161pus\u0113, s\u0101niem un pamatnei. Met\u0101la k\u0101ju r\u0101mis, augstums 200mm. Aiz durv\u012bm ir divi plaukti (W573mm, D388mm)<\/p>\n<p> ID 107215005082<\/p>","protected":false},"excerpt":{"rendered":"<p>Izm\u0113rs 120x39x57cm<\/p>","protected":false},"featured_media":4874,"template":"","meta":{"_acf_changed":false},"product_brand":[],"product_cat":[30,104],"product_tag":[102],"class_list":{"0":"post-4873","1":"product","2":"type-product","3":"status-publish","4":"has-post-thumbnail","6":"product_cat-korpusa-mebeles","7":"product_cat-kumodes","8":"product_tag-woodman","10":"first","11":"onbackorder","12":"shipping-taxable","13":"purchasable","14":"product-type-simple"},"acf":[],"_links":{"self":[{"href":"https:\/\/lightup.lv\/lt\/wp-json\/wp\/v2\/product\/4873","targetHints":{"allow":["GET"]}}],"collection":[{"href":"https:\/\/lightup.lv\/lt\/wp-json\/wp\/v2\/product"}],"about":[{"href":"https:\/\/lightup.lv\/lt\/wp-json\/wp\/v2\/types\/product"}],"wp:featuredmedia":[{"embeddable":true,"href":"https:\/\/lightup.lv\/lt\/wp-json\/wp\/v2\/media\/4874"}],"wp:attachment":[{"href":"https:\/\/lightup.lv\/lt\/wp-json\/wp\/v2\/media?parent=4873"}],"wp:term":[{"taxonomy":"product_brand","embeddable":true,"href":"https:\/\/lightup.lv\/lt\/wp-json\/wp\/v2\/product_brand?post=4873"},{"taxonomy":"product_cat","embeddable":true,"href":"https:\/\/lightup.lv\/lt\/wp-json\/wp\/v2\/product_cat?post=4873"},{"taxonomy":"product_tag","embeddable":true,"href":"https:\/\/lightup.lv\/lt\/wp-json\/wp\/v2\/product_tag?post=4873"}],"curies":[{"name":"wp","href":"https:\/\/api.w.org\/{rel}","templated":true}]}}