{"id":4945,"date":"2021-01-21T12:34:48","date_gmt":"2021-01-21T12:34:48","guid":{"rendered":"https:\/\/lightup.lv\/product\/abbeywood-sideboard-black\/"},"modified":"2024-02-10T11:51:37","modified_gmt":"2024-02-10T11:51:37","slug":"abbeywood-sideboard-black","status":"publish","type":"product","link":"https:\/\/lightup.lv\/lt\/precu-katalogs\/abbeywood-sideboard-black\/","title":{"rendered":"Abbeywood indauja, juoda"},"content":{"rendered":"<p>Melni iekr\u0101sota ozolkoka finier\u0113ts skapis ar meln\u0101m durv\u012bm un atvilktn\u0113m (uz blum m\u012bkstiem aizv\u0113rtiem sl\u012bd\u0146iem), mas\u012bv\u0101m ozolkoka k\u0101j\u0101m un rokturiem.<\/p>\n<p>ID 106215002232<\/p>","protected":false},"excerpt":{"rendered":"<p>Melni iekr\u0101sota ozolkoka finier\u0113ts skapis ar meln\u0101m durv\u012bm un atvilktn\u0113m (uz blum m\u012bkstiem aizv\u0113rtiem sl\u012bd\u0146iem), mas\u012bv\u0101m ozolkoka k\u0101j\u0101m un rokturiem. ID 106215002232<\/p>","protected":false},"featured_media":26165,"template":"","meta":{"_acf_changed":false},"product_brand":[],"product_cat":[30,104],"product_tag":[102],"class_list":{"0":"post-4945","1":"product","2":"type-product","3":"status-publish","4":"has-post-thumbnail","6":"product_cat-korpusa-mebeles","7":"product_cat-kumodes","8":"product_tag-woodman","10":"first","11":"onbackorder","12":"shipping-taxable","13":"purchasable","14":"product-type-simple"},"acf":[],"_links":{"self":[{"href":"https:\/\/lightup.lv\/lt\/wp-json\/wp\/v2\/product\/4945","targetHints":{"allow":["GET"]}}],"collection":[{"href":"https:\/\/lightup.lv\/lt\/wp-json\/wp\/v2\/product"}],"about":[{"href":"https:\/\/lightup.lv\/lt\/wp-json\/wp\/v2\/types\/product"}],"wp:featuredmedia":[{"embeddable":true,"href":"https:\/\/lightup.lv\/lt\/wp-json\/wp\/v2\/media\/26165"}],"wp:attachment":[{"href":"https:\/\/lightup.lv\/lt\/wp-json\/wp\/v2\/media?parent=4945"}],"wp:term":[{"taxonomy":"product_brand","embeddable":true,"href":"https:\/\/lightup.lv\/lt\/wp-json\/wp\/v2\/product_brand?post=4945"},{"taxonomy":"product_cat","embeddable":true,"href":"https:\/\/lightup.lv\/lt\/wp-json\/wp\/v2\/product_cat?post=4945"},{"taxonomy":"product_tag","embeddable":true,"href":"https:\/\/lightup.lv\/lt\/wp-json\/wp\/v2\/product_tag?post=4945"}],"curies":[{"name":"wp","href":"https:\/\/api.w.org\/{rel}","templated":true}]}}