{"id":4978,"date":"2021-01-21T13:13:15","date_gmt":"2021-01-21T13:13:15","guid":{"rendered":"https:\/\/lightup.lv\/product\/camden-sideboard-diamond\/"},"modified":"2024-02-09T08:11:58","modified_gmt":"2024-02-09T08:11:58","slug":"camden-indauja-deimantine","status":"publish","type":"product","link":"https:\/\/lightup.lv\/lt\/precu-katalogs\/camden-sideboard-diamond\/","title":{"rendered":"Camden indauja deimantin\u0117"},"content":{"rendered":"<p>\u0104\u017euolo faneruot\u0117s spintel\u0117 su juodu ra\u0161tu ant dureli\u0173, juodai da\u017eytos med\u017eio masyvo kojel\u0117s. Durys atsidaro spustel\u0117jus. Viduje 3 reguliuojami auk\u0161\u010diai (563 \u00d7 412 ir 553 x 412 mm). Kojeli\u0173 auk\u0161tis 25 cm (34 x 34 mm).<\/p>\n<p> ID 254215601012<\/p>","protected":false},"excerpt":{"rendered":"<p>Dydis 175x45x75cm<\/p>","protected":false},"featured_media":4979,"template":"","meta":{"_acf_changed":false},"product_brand":[],"product_cat":[30,104],"product_tag":[102],"class_list":{"0":"post-4978","1":"product","2":"type-product","3":"status-publish","4":"has-post-thumbnail","6":"product_cat-korpusa-mebeles","7":"product_cat-kumodes","8":"product_tag-woodman","10":"first","11":"onbackorder","12":"shipping-taxable","13":"purchasable","14":"product-type-simple"},"acf":[],"_links":{"self":[{"href":"https:\/\/lightup.lv\/lt\/wp-json\/wp\/v2\/product\/4978","targetHints":{"allow":["GET"]}}],"collection":[{"href":"https:\/\/lightup.lv\/lt\/wp-json\/wp\/v2\/product"}],"about":[{"href":"https:\/\/lightup.lv\/lt\/wp-json\/wp\/v2\/types\/product"}],"wp:featuredmedia":[{"embeddable":true,"href":"https:\/\/lightup.lv\/lt\/wp-json\/wp\/v2\/media\/4979"}],"wp:attachment":[{"href":"https:\/\/lightup.lv\/lt\/wp-json\/wp\/v2\/media?parent=4978"}],"wp:term":[{"taxonomy":"product_brand","embeddable":true,"href":"https:\/\/lightup.lv\/lt\/wp-json\/wp\/v2\/product_brand?post=4978"},{"taxonomy":"product_cat","embeddable":true,"href":"https:\/\/lightup.lv\/lt\/wp-json\/wp\/v2\/product_cat?post=4978"},{"taxonomy":"product_tag","embeddable":true,"href":"https:\/\/lightup.lv\/lt\/wp-json\/wp\/v2\/product_tag?post=4978"}],"curies":[{"name":"wp","href":"https:\/\/api.w.org\/{rel}","templated":true}]}}