{"id":5065,"date":"2021-01-21T14:19:30","date_gmt":"2021-01-21T14:19:30","guid":{"rendered":"https:\/\/lightup.lv\/product\/lilla-ateljen-sideboard\/"},"modified":"2024-02-09T08:13:21","modified_gmt":"2024-02-09T08:13:21","slug":"lilla-ateljen-sideboard","status":"publish","type":"product","link":"https:\/\/lightup.lv\/lt\/precu-katalogs\/lilla-ateljen-sideboard\/","title":{"rendered":"Lilla Ateljen Sideboard"},"content":{"rendered":"<p>Pelnu finier\u0113ts skapis ar mas\u012bv\u0101m o\u0161a k\u0101j\u0101m. Virvju p\u012bti cieto o\u0161a durvju r\u0101mji.<\/p>\n<p> ID 242215014142<\/p>","protected":false},"excerpt":{"rendered":"<p>Izm\u0113rs 180x45x77cm<\/p>","protected":false},"featured_media":5066,"template":"","meta":{"_acf_changed":false},"product_brand":[],"product_cat":[30,104],"product_tag":[102],"class_list":{"0":"post-5065","1":"product","2":"type-product","3":"status-publish","4":"has-post-thumbnail","6":"product_cat-korpusa-mebeles","7":"product_cat-kumodes","8":"product_tag-woodman","10":"first","11":"onbackorder","12":"shipping-taxable","13":"purchasable","14":"product-type-simple"},"acf":[],"_links":{"self":[{"href":"https:\/\/lightup.lv\/lt\/wp-json\/wp\/v2\/product\/5065","targetHints":{"allow":["GET"]}}],"collection":[{"href":"https:\/\/lightup.lv\/lt\/wp-json\/wp\/v2\/product"}],"about":[{"href":"https:\/\/lightup.lv\/lt\/wp-json\/wp\/v2\/types\/product"}],"wp:featuredmedia":[{"embeddable":true,"href":"https:\/\/lightup.lv\/lt\/wp-json\/wp\/v2\/media\/5066"}],"wp:attachment":[{"href":"https:\/\/lightup.lv\/lt\/wp-json\/wp\/v2\/media?parent=5065"}],"wp:term":[{"taxonomy":"product_brand","embeddable":true,"href":"https:\/\/lightup.lv\/lt\/wp-json\/wp\/v2\/product_brand?post=5065"},{"taxonomy":"product_cat","embeddable":true,"href":"https:\/\/lightup.lv\/lt\/wp-json\/wp\/v2\/product_cat?post=5065"},{"taxonomy":"product_tag","embeddable":true,"href":"https:\/\/lightup.lv\/lt\/wp-json\/wp\/v2\/product_tag?post=5065"}],"curies":[{"name":"wp","href":"https:\/\/api.w.org\/{rel}","templated":true}]}}