{"id":5346,"date":"2021-01-23T10:26:22","date_gmt":"2021-01-23T10:26:22","guid":{"rendered":"https:\/\/lightup.lv\/product\/duct-sienas-lampa\/"},"modified":"2024-01-15T12:43:02","modified_gmt":"2024-01-15T12:43:02","slug":"duct-sienas-lampa","status":"publish","type":"product","link":"https:\/\/lightup.lv\/lt\/produktu-katalogas\/duct-sienas-lampa\/","title":{"rendered":"DUCT sienas lampa"},"content":{"rendered":"<p>2x3W, 540Lm, 3000K<br \/>\n\u00d8: 8 cm<br \/>\nH: 14,2 cm<br \/>\nSpalva: juoda<br \/>\nMed\u017eiaga: metalas<\/p>\n<p> ID 3989700<\/p>","protected":false},"excerpt":{"rendered":"<p>\u201eViokef\u201c si\u016blo plat\u0173 \u0161viestuv\u0173 \u2013 tiek moderni\u0173, tiek klasikini\u0173 \u2013 pasirinkim\u0105, puikiai papildant\u012f interjero dizain\u0105. \u201eLightUp\u201c yra tiesioginis \u201eViokef\u201c prek\u0117s \u017eenklo platintojas, tod\u0117l galime pasi\u016blyti tokias patrauklias kainas. Ypating\u0105 d\u0117mes\u012f skiriame kokybei. R\u016bpinam\u0117s ir kontroliuojame gaminius nuo j\u0173 u\u017esakymo gamykloje iki transportavimo \u012f sand\u0117l\u012f. Tada juos kruop\u0161\u010diai supakuojame ir i\u0161siun\u010diame klientui.<\/p>","protected":false},"featured_media":5313,"template":"","meta":{"_acf_changed":false},"product_brand":[],"product_cat":[42,49],"product_tag":[105],"class_list":{"0":"post-5346","1":"product","2":"type-product","3":"status-publish","4":"has-post-thumbnail","6":"product_cat-apgaismojums","7":"product_cat-sienas-lampas","8":"product_tag-viokef","10":"first","11":"instock","12":"shipping-taxable","13":"purchasable","14":"product-type-simple"},"acf":[],"_links":{"self":[{"href":"https:\/\/lightup.lv\/lt\/wp-json\/wp\/v2\/product\/5346","targetHints":{"allow":["GET"]}}],"collection":[{"href":"https:\/\/lightup.lv\/lt\/wp-json\/wp\/v2\/product"}],"about":[{"href":"https:\/\/lightup.lv\/lt\/wp-json\/wp\/v2\/types\/product"}],"wp:featuredmedia":[{"embeddable":true,"href":"https:\/\/lightup.lv\/lt\/wp-json\/wp\/v2\/media\/5313"}],"wp:attachment":[{"href":"https:\/\/lightup.lv\/lt\/wp-json\/wp\/v2\/media?parent=5346"}],"wp:term":[{"taxonomy":"product_brand","embeddable":true,"href":"https:\/\/lightup.lv\/lt\/wp-json\/wp\/v2\/product_brand?post=5346"},{"taxonomy":"product_cat","embeddable":true,"href":"https:\/\/lightup.lv\/lt\/wp-json\/wp\/v2\/product_cat?post=5346"},{"taxonomy":"product_tag","embeddable":true,"href":"https:\/\/lightup.lv\/lt\/wp-json\/wp\/v2\/product_tag?post=5346"}],"curies":[{"name":"wp","href":"https:\/\/api.w.org\/{rel}","templated":true}]}}