{"id":605,"date":"2019-08-29T12:32:11","date_gmt":"2019-08-29T12:32:11","guid":{"rendered":"https:\/\/lightup.lv\/product\/tele-edge-m-akustiskais-sienas-panelis-skanas-izolacijas-panelis\/"},"modified":"2025-03-18T11:49:20","modified_gmt":"2025-03-18T09:49:20","slug":"tele-edge-m-akustiskais-sienas-panelis-skanas-izolacijas-panelis","status":"publish","type":"product","link":"https:\/\/lightup.lv\/lt\/produktu-katalogas\/tele-edge-m-akustiskais-sienas-panelis-skanas-izolacijas-panelis\/","title":{"rendered":"\u201eTele Edge M\u201c akustin\u0117 sien\u0173 plok\u0161t\u0117, gars\u0105 izoliuojanti plok\u0161t\u0117"},"content":{"rendered":"<p>Kaina nurodyta u\u017e vien\u0105 panel\u0119.<br \/>\nReikalingi papildomi surinkimo klijai.<\/p>","protected":false},"excerpt":{"rendered":"<p>Paprasta forma, bet labai puo\u0161nus dizainas. I\u0161lenkta paneli\u0173 forma sukuria 3D efekt\u0105. Puikiai tinka jungtims, nereikalaujan\u010dioms \u0161onini\u0173 apipjaustym\u0173. Rekomenduojame naudoti dviej\u0173 spalv\u0173 komplekte su viena dominuojan\u010dia spalva ir papildomais akcentais.<\/p>","protected":false},"featured_media":606,"template":"","meta":{"_acf_changed":false},"product_brand":[],"product_cat":[18,21],"product_tag":[20],"class_list":{"0":"post-605","1":"product","2":"type-product","3":"status-publish","4":"has-post-thumbnail","6":"product_cat-dizaina-skanas-izolacija","7":"product_cat-fluffo-soft-sienam","8":"product_tag-fluffo","10":"first","11":"instock","12":"shipping-taxable","13":"purchasable","14":"product-type-simple"},"acf":[],"_links":{"self":[{"href":"https:\/\/lightup.lv\/lt\/wp-json\/wp\/v2\/product\/605","targetHints":{"allow":["GET"]}}],"collection":[{"href":"https:\/\/lightup.lv\/lt\/wp-json\/wp\/v2\/product"}],"about":[{"href":"https:\/\/lightup.lv\/lt\/wp-json\/wp\/v2\/types\/product"}],"wp:featuredmedia":[{"embeddable":true,"href":"https:\/\/lightup.lv\/lt\/wp-json\/wp\/v2\/media\/606"}],"wp:attachment":[{"href":"https:\/\/lightup.lv\/lt\/wp-json\/wp\/v2\/media?parent=605"}],"wp:term":[{"taxonomy":"product_brand","embeddable":true,"href":"https:\/\/lightup.lv\/lt\/wp-json\/wp\/v2\/product_brand?post=605"},{"taxonomy":"product_cat","embeddable":true,"href":"https:\/\/lightup.lv\/lt\/wp-json\/wp\/v2\/product_cat?post=605"},{"taxonomy":"product_tag","embeddable":true,"href":"https:\/\/lightup.lv\/lt\/wp-json\/wp\/v2\/product_tag?post=605"}],"curies":[{"name":"wp","href":"https:\/\/api.w.org\/{rel}","templated":true}]}}