{"id":6401,"date":"2021-02-02T16:15:17","date_gmt":"2021-02-02T16:15:17","guid":{"rendered":"https:\/\/lightup.lv\/product\/avon-sideboard-spruce\/"},"modified":"2024-02-09T08:14:23","modified_gmt":"2024-02-09T08:14:23","slug":"avon-sideboard-spruce","status":"publish","type":"product","link":"https:\/\/lightup.lv\/lt\/precu-katalogs\/avon-sideboard-spruce\/","title":{"rendered":"Avon Sideboard Spruce"},"content":{"rendered":"<p>Dydis 128 x 42 x 71 cm<\/p>\n<p> ID 178815501092<\/p>","protected":false},"excerpt":{"rendered":"<p>\u0104\u017euolo faneruot\u0117s komoda su \u0105\u017euolo masyvo kojel\u0117mis. Da\u017eytos stumdomos durys ir keturi stal\u010di\u0173 fasadai.<\/p>","protected":false},"featured_media":6402,"template":"","meta":{"_acf_changed":false},"product_brand":[],"product_cat":[30,104],"product_tag":[102],"class_list":{"0":"post-6401","1":"product","2":"type-product","3":"status-publish","4":"has-post-thumbnail","6":"product_cat-korpusa-mebeles","7":"product_cat-kumodes","8":"product_tag-woodman","10":"first","11":"onbackorder","12":"shipping-taxable","13":"purchasable","14":"product-type-simple"},"acf":[],"_links":{"self":[{"href":"https:\/\/lightup.lv\/lt\/wp-json\/wp\/v2\/product\/6401","targetHints":{"allow":["GET"]}}],"collection":[{"href":"https:\/\/lightup.lv\/lt\/wp-json\/wp\/v2\/product"}],"about":[{"href":"https:\/\/lightup.lv\/lt\/wp-json\/wp\/v2\/types\/product"}],"wp:featuredmedia":[{"embeddable":true,"href":"https:\/\/lightup.lv\/lt\/wp-json\/wp\/v2\/media\/6402"}],"wp:attachment":[{"href":"https:\/\/lightup.lv\/lt\/wp-json\/wp\/v2\/media?parent=6401"}],"wp:term":[{"taxonomy":"product_brand","embeddable":true,"href":"https:\/\/lightup.lv\/lt\/wp-json\/wp\/v2\/product_brand?post=6401"},{"taxonomy":"product_cat","embeddable":true,"href":"https:\/\/lightup.lv\/lt\/wp-json\/wp\/v2\/product_cat?post=6401"},{"taxonomy":"product_tag","embeddable":true,"href":"https:\/\/lightup.lv\/lt\/wp-json\/wp\/v2\/product_tag?post=6401"}],"curies":[{"name":"wp","href":"https:\/\/api.w.org\/{rel}","templated":true}]}}