{"id":6408,"date":"2021-02-02T16:24:42","date_gmt":"2021-02-02T16:24:42","guid":{"rendered":"https:\/\/lightup.lv\/product\/avon-sideboard-olive\/"},"modified":"2024-02-09T08:14:34","modified_gmt":"2024-02-09T08:14:34","slug":"avon-sideboard-olive","status":"publish","type":"product","link":"https:\/\/lightup.lv\/lt\/produktu-katalogas\/avon-sideboard-olive\/","title":{"rendered":"Avon Sideboard Olive"},"content":{"rendered":"<p>Dydis 128 x 42 x 71 cm<\/p>\n<p> ID 178815401092<\/p>","protected":false},"excerpt":{"rendered":"<p>\u0104\u017euolo faneruot\u0117s komoda su \u0105\u017euolo masyvo kojel\u0117mis. Da\u017eytos stumdomos durys ir keturi stal\u010di\u0173 fasadai.<\/p>","protected":false},"featured_media":6409,"template":"","meta":{"_acf_changed":false},"product_brand":[],"product_cat":[30],"product_tag":[102],"class_list":{"0":"post-6408","1":"product","2":"type-product","3":"status-publish","4":"has-post-thumbnail","6":"product_cat-korpusa-mebeles","7":"product_tag-woodman","9":"first","10":"onbackorder","11":"shipping-taxable","12":"purchasable","13":"product-type-simple"},"acf":[],"_links":{"self":[{"href":"https:\/\/lightup.lv\/lt\/wp-json\/wp\/v2\/product\/6408","targetHints":{"allow":["GET"]}}],"collection":[{"href":"https:\/\/lightup.lv\/lt\/wp-json\/wp\/v2\/product"}],"about":[{"href":"https:\/\/lightup.lv\/lt\/wp-json\/wp\/v2\/types\/product"}],"wp:featuredmedia":[{"embeddable":true,"href":"https:\/\/lightup.lv\/lt\/wp-json\/wp\/v2\/media\/6409"}],"wp:attachment":[{"href":"https:\/\/lightup.lv\/lt\/wp-json\/wp\/v2\/media?parent=6408"}],"wp:term":[{"taxonomy":"product_brand","embeddable":true,"href":"https:\/\/lightup.lv\/lt\/wp-json\/wp\/v2\/product_brand?post=6408"},{"taxonomy":"product_cat","embeddable":true,"href":"https:\/\/lightup.lv\/lt\/wp-json\/wp\/v2\/product_cat?post=6408"},{"taxonomy":"product_tag","embeddable":true,"href":"https:\/\/lightup.lv\/lt\/wp-json\/wp\/v2\/product_tag?post=6408"}],"curies":[{"name":"wp","href":"https:\/\/api.w.org\/{rel}","templated":true}]}}