{"id":6427,"date":"2021-02-02T16:47:39","date_gmt":"2021-02-02T16:47:39","guid":{"rendered":"https:\/\/lightup.lv\/product\/kensal-sideboard-medium\/"},"modified":"2024-02-09T08:15:12","modified_gmt":"2024-02-09T08:15:12","slug":"kensal-sideboard-medium","status":"publish","type":"product","link":"https:\/\/lightup.lv\/lt\/precu-katalogs\/kensal-sideboard-medium\/","title":{"rendered":"Kensal Sideboard Medium"},"content":{"rendered":"<p>Izm\u0113rs \t145x40x75 cm<\/p>\n<p> ID 104215001012<\/p>","protected":false},"excerpt":{"rendered":"<p>Ozolkoka finier\u0113ts skapis ar trim atvilktn\u0113m un div\u0101m durv\u012bm, mas\u012bv\u0101m ozolkoka k\u0101j\u0101m un rokturiem.<\/p>","protected":false},"featured_media":6428,"template":"","meta":{"_acf_changed":false},"product_brand":[],"product_cat":[30,104],"product_tag":[102],"class_list":{"0":"post-6427","1":"product","2":"type-product","3":"status-publish","4":"has-post-thumbnail","6":"product_cat-korpusa-mebeles","7":"product_cat-kumodes","8":"product_tag-woodman","10":"first","11":"onbackorder","12":"shipping-taxable","13":"purchasable","14":"product-type-simple"},"acf":[],"_links":{"self":[{"href":"https:\/\/lightup.lv\/lt\/wp-json\/wp\/v2\/product\/6427","targetHints":{"allow":["GET"]}}],"collection":[{"href":"https:\/\/lightup.lv\/lt\/wp-json\/wp\/v2\/product"}],"about":[{"href":"https:\/\/lightup.lv\/lt\/wp-json\/wp\/v2\/types\/product"}],"wp:featuredmedia":[{"embeddable":true,"href":"https:\/\/lightup.lv\/lt\/wp-json\/wp\/v2\/media\/6428"}],"wp:attachment":[{"href":"https:\/\/lightup.lv\/lt\/wp-json\/wp\/v2\/media?parent=6427"}],"wp:term":[{"taxonomy":"product_brand","embeddable":true,"href":"https:\/\/lightup.lv\/lt\/wp-json\/wp\/v2\/product_brand?post=6427"},{"taxonomy":"product_cat","embeddable":true,"href":"https:\/\/lightup.lv\/lt\/wp-json\/wp\/v2\/product_cat?post=6427"},{"taxonomy":"product_tag","embeddable":true,"href":"https:\/\/lightup.lv\/lt\/wp-json\/wp\/v2\/product_tag?post=6427"}],"curies":[{"name":"wp","href":"https:\/\/api.w.org\/{rel}","templated":true}]}}