{"id":6473,"date":"2021-02-03T09:58:25","date_gmt":"2021-02-03T09:58:25","guid":{"rendered":"https:\/\/lightup.lv\/product\/chaser-sideboard-oak\/"},"modified":"2024-02-09T08:16:40","modified_gmt":"2024-02-09T08:16:40","slug":"azuolo-komoda-chaser","status":"publish","type":"product","link":"https:\/\/lightup.lv\/lt\/precu-katalogs\/chaser-sideboard-oak\/","title":{"rendered":"Chaser indauja, \u0105\u017euolas"},"content":{"rendered":"<p>Dydis 135 x 47 x 71 cm<\/p>\n<p> ID 168215001092<\/p>","protected":false},"excerpt":{"rendered":"<p>\u0104\u017euolo faneruot\u0117s spinta su \u0105\u017euolo masyvo kojel\u0117mis. Da\u017eytos stumdomos durys, varstomos durys ir stal\u010di\u0173 fasadai. Auk\u0161tis u\u017e dur\u0173 \u2013 46 cm. Stal\u010diai P 50 x G 36 x A 8 cm, tinka \u201eBlum\u201c tandeminiams b\u0117geliams.<\/p>","protected":false},"featured_media":6474,"template":"","meta":{"_acf_changed":false},"product_brand":[],"product_cat":[30,104],"product_tag":[102],"class_list":{"0":"post-6473","1":"product","2":"type-product","3":"status-publish","4":"has-post-thumbnail","6":"product_cat-korpusa-mebeles","7":"product_cat-kumodes","8":"product_tag-woodman","10":"first","11":"onbackorder","12":"shipping-taxable","13":"purchasable","14":"product-type-simple"},"acf":[],"_links":{"self":[{"href":"https:\/\/lightup.lv\/lt\/wp-json\/wp\/v2\/product\/6473","targetHints":{"allow":["GET"]}}],"collection":[{"href":"https:\/\/lightup.lv\/lt\/wp-json\/wp\/v2\/product"}],"about":[{"href":"https:\/\/lightup.lv\/lt\/wp-json\/wp\/v2\/types\/product"}],"wp:featuredmedia":[{"embeddable":true,"href":"https:\/\/lightup.lv\/lt\/wp-json\/wp\/v2\/media\/6474"}],"wp:attachment":[{"href":"https:\/\/lightup.lv\/lt\/wp-json\/wp\/v2\/media?parent=6473"}],"wp:term":[{"taxonomy":"product_brand","embeddable":true,"href":"https:\/\/lightup.lv\/lt\/wp-json\/wp\/v2\/product_brand?post=6473"},{"taxonomy":"product_cat","embeddable":true,"href":"https:\/\/lightup.lv\/lt\/wp-json\/wp\/v2\/product_cat?post=6473"},{"taxonomy":"product_tag","embeddable":true,"href":"https:\/\/lightup.lv\/lt\/wp-json\/wp\/v2\/product_tag?post=6473"}],"curies":[{"name":"wp","href":"https:\/\/api.w.org\/{rel}","templated":true}]}}