{"id":6487,"date":"2021-02-03T10:50:05","date_gmt":"2021-02-03T10:50:05","guid":{"rendered":"https:\/\/lightup.lv\/product\/farsta-sideboard\/"},"modified":"2024-02-09T08:27:59","modified_gmt":"2024-02-09T08:27:59","slug":"farsta-sideboard","status":"publish","type":"product","link":"https:\/\/lightup.lv\/lt\/produktu-katalogas\/farsta-sideboard\/","title":{"rendered":"Farsta Sideboard"},"content":{"rendered":"<p>Izm\u0113rs 115x42x81 cm<\/p>\n<p> ID 198215008014<\/p>","protected":false},"excerpt":{"rendered":"<p>Ozolkoka finier\u0113ts skapis ar baltu koka virsmu un durv\u012bm. Mas\u012bvkoka k\u0101jas un rokturi. Bufete ar 2 skapjiem un atv\u0113rtu plauktu. Korpusa \u0101r\u0113j\u0101s malas ir izgatavotas no ozolkoka finier\u0113tas skaidu pl\u0101tnes (PLP16), plaukti pel\u0113k\u0101 kr\u0101s\u0101 ar melam\u012bna p\u0101rkl\u0101jumu skaidu pl\u0101ksni (MFC16). Durvis no baltas kr\u0101sas kr\u0101sotas skaidu pl\u0101tnes (MFC16). Ozola finier\u0113ta sapl\u0101k\u0161\u0146a pamatne, k\u0101jas (35cm) un rokturi no ozola mas\u012bva. Visas ozolkoka apdares virsmas ir p\u0101rkl\u0101tas ar caursp\u012bd\u012bgu laku. Augstums zem skapja ir 28 cm. Atv\u0113rt\u0101 plaukta augstums ir 17 cm un platums 76,6 cm. Viegli mont\u0113jama.<\/p>","protected":false},"featured_media":6488,"template":"","meta":{"_acf_changed":false},"product_brand":[],"product_cat":[30,104],"product_tag":[102],"class_list":{"0":"post-6487","1":"product","2":"type-product","3":"status-publish","4":"has-post-thumbnail","6":"product_cat-korpusa-mebeles","7":"product_cat-kumodes","8":"product_tag-woodman","10":"first","11":"onbackorder","12":"shipping-taxable","13":"purchasable","14":"product-type-simple"},"acf":[],"_links":{"self":[{"href":"https:\/\/lightup.lv\/lt\/wp-json\/wp\/v2\/product\/6487","targetHints":{"allow":["GET"]}}],"collection":[{"href":"https:\/\/lightup.lv\/lt\/wp-json\/wp\/v2\/product"}],"about":[{"href":"https:\/\/lightup.lv\/lt\/wp-json\/wp\/v2\/types\/product"}],"wp:featuredmedia":[{"embeddable":true,"href":"https:\/\/lightup.lv\/lt\/wp-json\/wp\/v2\/media\/6488"}],"wp:attachment":[{"href":"https:\/\/lightup.lv\/lt\/wp-json\/wp\/v2\/media?parent=6487"}],"wp:term":[{"taxonomy":"product_brand","embeddable":true,"href":"https:\/\/lightup.lv\/lt\/wp-json\/wp\/v2\/product_brand?post=6487"},{"taxonomy":"product_cat","embeddable":true,"href":"https:\/\/lightup.lv\/lt\/wp-json\/wp\/v2\/product_cat?post=6487"},{"taxonomy":"product_tag","embeddable":true,"href":"https:\/\/lightup.lv\/lt\/wp-json\/wp\/v2\/product_tag?post=6487"}],"curies":[{"name":"wp","href":"https:\/\/api.w.org\/{rel}","templated":true}]}}