{"id":6572,"date":"2021-02-03T17:18:22","date_gmt":"2021-02-03T17:18:22","guid":{"rendered":"https:\/\/lightup.lv\/product\/camden-coffee-table-round\/"},"modified":"2025-05-10T10:46:31","modified_gmt":"2025-05-10T08:46:31","slug":"camden-kavos-staliukas-apvalus","status":"publish","type":"product","link":"https:\/\/lightup.lv\/lt\/precu-katalogs\/camden-coffee-table-round\/","title":{"rendered":"Kavos staliukas Camden, apvalus"},"content":{"rendered":"<p>Dydis 80x80x45 cm<\/p>\n<p>ID 254221701012<\/p>","protected":false},"excerpt":{"rendered":"<p>\u0104\u017euolo faneruot\u0117s stalvir\u0161is su juodu ra\u0161tu. Kojos pagamintos i\u0161 juodai da\u017eytos ber\u017eo masyvo. Gaminio svorio riba 25 kg.<\/p>","protected":false},"featured_media":6573,"template":"","meta":{"_acf_changed":false},"product_brand":[],"product_cat":[22,109],"product_tag":[102],"class_list":{"0":"post-6572","1":"product","2":"type-product","3":"status-publish","4":"has-post-thumbnail","6":"product_cat-galdi","7":"product_cat-zurnalu-galdini-galdi","8":"product_tag-woodman","10":"first","11":"onbackorder","12":"shipping-taxable","13":"purchasable","14":"product-type-simple"},"acf":[],"_links":{"self":[{"href":"https:\/\/lightup.lv\/lt\/wp-json\/wp\/v2\/product\/6572","targetHints":{"allow":["GET"]}}],"collection":[{"href":"https:\/\/lightup.lv\/lt\/wp-json\/wp\/v2\/product"}],"about":[{"href":"https:\/\/lightup.lv\/lt\/wp-json\/wp\/v2\/types\/product"}],"wp:featuredmedia":[{"embeddable":true,"href":"https:\/\/lightup.lv\/lt\/wp-json\/wp\/v2\/media\/6573"}],"wp:attachment":[{"href":"https:\/\/lightup.lv\/lt\/wp-json\/wp\/v2\/media?parent=6572"}],"wp:term":[{"taxonomy":"product_brand","embeddable":true,"href":"https:\/\/lightup.lv\/lt\/wp-json\/wp\/v2\/product_brand?post=6572"},{"taxonomy":"product_cat","embeddable":true,"href":"https:\/\/lightup.lv\/lt\/wp-json\/wp\/v2\/product_cat?post=6572"},{"taxonomy":"product_tag","embeddable":true,"href":"https:\/\/lightup.lv\/lt\/wp-json\/wp\/v2\/product_tag?post=6572"}],"curies":[{"name":"wp","href":"https:\/\/api.w.org\/{rel}","templated":true}]}}