{"id":6771,"date":"2021-02-04T14:33:17","date_gmt":"2021-02-04T14:33:17","guid":{"rendered":"https:\/\/lightup.lv\/product\/farsta-bed-angle-180x200\/"},"modified":"2024-02-09T08:39:10","modified_gmt":"2024-02-09T08:39:10","slug":"farsta-bed-angle-180x200","status":"publish","type":"product","link":"https:\/\/lightup.lv\/lt\/precu-katalogs\/farsta-bed-angle-180x200\/","title":{"rendered":"\u201eFarsta\u201c lova su kampeliu 180\u00d7200"},"content":{"rendered":"<p>Izm\u0113rs 180X200X889 cm<\/p>\n<p> ID 198471401014<\/p>","protected":false},"excerpt":{"rendered":"<p>Klasiska ozolkoka gulta. Gultas galvgalim ir raksts. L\u012bstes nav iek\u013cautas komplekt\u0101.<\/p>","protected":false},"featured_media":6772,"template":"","meta":{"_acf_changed":false},"product_brand":[],"product_cat":[26],"product_tag":[102],"class_list":{"0":"post-6771","1":"product","2":"type-product","3":"status-publish","4":"has-post-thumbnail","6":"product_cat-gultas","7":"product_tag-woodman","9":"first","10":"onbackorder","11":"shipping-taxable","12":"purchasable","13":"product-type-simple"},"acf":[],"_links":{"self":[{"href":"https:\/\/lightup.lv\/lt\/wp-json\/wp\/v2\/product\/6771","targetHints":{"allow":["GET"]}}],"collection":[{"href":"https:\/\/lightup.lv\/lt\/wp-json\/wp\/v2\/product"}],"about":[{"href":"https:\/\/lightup.lv\/lt\/wp-json\/wp\/v2\/types\/product"}],"wp:featuredmedia":[{"embeddable":true,"href":"https:\/\/lightup.lv\/lt\/wp-json\/wp\/v2\/media\/6772"}],"wp:attachment":[{"href":"https:\/\/lightup.lv\/lt\/wp-json\/wp\/v2\/media?parent=6771"}],"wp:term":[{"taxonomy":"product_brand","embeddable":true,"href":"https:\/\/lightup.lv\/lt\/wp-json\/wp\/v2\/product_brand?post=6771"},{"taxonomy":"product_cat","embeddable":true,"href":"https:\/\/lightup.lv\/lt\/wp-json\/wp\/v2\/product_cat?post=6771"},{"taxonomy":"product_tag","embeddable":true,"href":"https:\/\/lightup.lv\/lt\/wp-json\/wp\/v2\/product_tag?post=6771"}],"curies":[{"name":"wp","href":"https:\/\/api.w.org\/{rel}","templated":true}]}}