{"id":6825,"date":"2021-02-06T09:23:44","date_gmt":"2021-02-06T09:23:44","guid":{"rendered":"https:\/\/lightup.lv\/product\/blanco-side-table\/"},"modified":"2024-02-09T08:40:40","modified_gmt":"2024-02-09T08:40:40","slug":"blanco-side-table","status":"publish","type":"product","link":"https:\/\/lightup.lv\/lt\/precu-katalogs\/blanco-side-table\/","title":{"rendered":"Blanco \u0161oninis staliukas"},"content":{"rendered":"<p>Izm\u0113rs \t45x48x55 cm<\/p>\n<p> ID 123220008012<\/p>","protected":false},"excerpt":{"rendered":"<p>Ide\u0101la izm\u0113ra naktsskap\u012btis, b\u016bs piem\u0113rots akcents blakus gultai. Viena atvilktne. Aug\u0161pus\u0113 ir vieta da\u017e\u0101m gr\u0101mat\u0101m vai modin\u0101t\u0101jam. J\u016bs varat to izmantot ar\u012b blakus viesistab\u0101 eso\u0161ajam d\u012bv\u0101nam, lai ieg\u016btu papildu uzglab\u0101\u0161anas vietu.<\/p>","protected":false},"featured_media":6826,"template":"","meta":{"_acf_changed":false},"product_brand":[],"product_cat":[26],"product_tag":[102],"class_list":{"0":"post-6825","1":"product","2":"type-product","3":"status-publish","4":"has-post-thumbnail","6":"product_cat-gultas","7":"product_tag-woodman","9":"first","10":"onbackorder","11":"shipping-taxable","12":"purchasable","13":"product-type-simple"},"acf":[],"_links":{"self":[{"href":"https:\/\/lightup.lv\/lt\/wp-json\/wp\/v2\/product\/6825","targetHints":{"allow":["GET"]}}],"collection":[{"href":"https:\/\/lightup.lv\/lt\/wp-json\/wp\/v2\/product"}],"about":[{"href":"https:\/\/lightup.lv\/lt\/wp-json\/wp\/v2\/types\/product"}],"wp:featuredmedia":[{"embeddable":true,"href":"https:\/\/lightup.lv\/lt\/wp-json\/wp\/v2\/media\/6826"}],"wp:attachment":[{"href":"https:\/\/lightup.lv\/lt\/wp-json\/wp\/v2\/media?parent=6825"}],"wp:term":[{"taxonomy":"product_brand","embeddable":true,"href":"https:\/\/lightup.lv\/lt\/wp-json\/wp\/v2\/product_brand?post=6825"},{"taxonomy":"product_cat","embeddable":true,"href":"https:\/\/lightup.lv\/lt\/wp-json\/wp\/v2\/product_cat?post=6825"},{"taxonomy":"product_tag","embeddable":true,"href":"https:\/\/lightup.lv\/lt\/wp-json\/wp\/v2\/product_tag?post=6825"}],"curies":[{"name":"wp","href":"https:\/\/api.w.org\/{rel}","templated":true}]}}