{"id":6919,"date":"2021-02-06T10:57:48","date_gmt":"2021-02-06T10:57:48","guid":{"rendered":"https:\/\/lightup.lv\/product\/kobe-wardrobe-2-doors-in-white\/"},"modified":"2024-02-10T12:11:43","modified_gmt":"2024-02-10T12:11:43","slug":"kobe-wardrobe-2-doors-in-white","status":"publish","type":"product","link":"https:\/\/lightup.lv\/lt\/precu-katalogs\/kobe-wardrobe-2-doors-in-white\/","title":{"rendered":"Kobe spinta su dviem durimis, balta"},"content":{"rendered":"<p>Dydis 80x55x190 cm<\/p>\n<p>ID 288475108132<\/p>","protected":false},"excerpt":{"rendered":"<p>\u0160is skapis var apmierin\u0101t visas j\u016bsu uzglab\u0101\u0161anas vajadz\u012bbas. Gan praktisks, gan pievilc\u012bgs ar savu stilu, un tas noteikti uzlabos jebkuras telpas vai biroja izskatu.<\/p>","protected":false},"featured_media":26174,"template":"","meta":{"_acf_changed":false},"product_brand":[],"product_cat":[30,108],"product_tag":[102],"class_list":{"0":"post-6919","1":"product","2":"type-product","3":"status-publish","4":"has-post-thumbnail","6":"product_cat-korpusa-mebeles","7":"product_cat-skapis","8":"product_tag-woodman","10":"first","11":"onbackorder","12":"shipping-taxable","13":"purchasable","14":"product-type-simple"},"acf":[],"_links":{"self":[{"href":"https:\/\/lightup.lv\/lt\/wp-json\/wp\/v2\/product\/6919","targetHints":{"allow":["GET"]}}],"collection":[{"href":"https:\/\/lightup.lv\/lt\/wp-json\/wp\/v2\/product"}],"about":[{"href":"https:\/\/lightup.lv\/lt\/wp-json\/wp\/v2\/types\/product"}],"wp:featuredmedia":[{"embeddable":true,"href":"https:\/\/lightup.lv\/lt\/wp-json\/wp\/v2\/media\/26174"}],"wp:attachment":[{"href":"https:\/\/lightup.lv\/lt\/wp-json\/wp\/v2\/media?parent=6919"}],"wp:term":[{"taxonomy":"product_brand","embeddable":true,"href":"https:\/\/lightup.lv\/lt\/wp-json\/wp\/v2\/product_brand?post=6919"},{"taxonomy":"product_cat","embeddable":true,"href":"https:\/\/lightup.lv\/lt\/wp-json\/wp\/v2\/product_cat?post=6919"},{"taxonomy":"product_tag","embeddable":true,"href":"https:\/\/lightup.lv\/lt\/wp-json\/wp\/v2\/product_tag?post=6919"}],"curies":[{"name":"wp","href":"https:\/\/api.w.org\/{rel}","templated":true}]}}