{"id":6935,"date":"2021-02-06T11:08:30","date_gmt":"2021-02-06T11:08:30","guid":{"rendered":"https:\/\/lightup.lv\/product\/lia-wardrobe-2-doors-in-white\/"},"modified":"2024-02-10T12:12:42","modified_gmt":"2024-02-10T12:12:42","slug":"lia-spinta-2-durys-balta","status":"publish","type":"product","link":"https:\/\/lightup.lv\/lt\/precu-katalogs\/lia-wardrobe-2-doors-in-white\/","title":{"rendered":"Lia spinta, 2 durys, balta"},"content":{"rendered":"<p>Dydis 80x55x190 cm<\/p>\n<p>ID 289475108132<\/p>","protected":false},"excerpt":{"rendered":"<p>Dviej\u0173 spalv\u0173 spinta \u2013 su baltomis durel\u0117mis su linijomis vir\u0161uje ir \u0105\u017euolo fanera, klasikinio stiliaus, su pakabomis ir dviem lentynomis. Tai daikt\u0173 laikymo erdv\u0117, kuri patenkins net ir reikliausi\u0105 klient\u0105. Vieta viskam ir viskas savo vietoje.<\/p>","protected":false},"featured_media":26175,"template":"","meta":{"_acf_changed":false},"product_brand":[],"product_cat":[30,108],"product_tag":[102],"class_list":{"0":"post-6935","1":"product","2":"type-product","3":"status-publish","4":"has-post-thumbnail","6":"product_cat-korpusa-mebeles","7":"product_cat-skapis","8":"product_tag-woodman","10":"first","11":"onbackorder","12":"shipping-taxable","13":"purchasable","14":"product-type-simple"},"acf":[],"_links":{"self":[{"href":"https:\/\/lightup.lv\/lt\/wp-json\/wp\/v2\/product\/6935","targetHints":{"allow":["GET"]}}],"collection":[{"href":"https:\/\/lightup.lv\/lt\/wp-json\/wp\/v2\/product"}],"about":[{"href":"https:\/\/lightup.lv\/lt\/wp-json\/wp\/v2\/types\/product"}],"wp:featuredmedia":[{"embeddable":true,"href":"https:\/\/lightup.lv\/lt\/wp-json\/wp\/v2\/media\/26175"}],"wp:attachment":[{"href":"https:\/\/lightup.lv\/lt\/wp-json\/wp\/v2\/media?parent=6935"}],"wp:term":[{"taxonomy":"product_brand","embeddable":true,"href":"https:\/\/lightup.lv\/lt\/wp-json\/wp\/v2\/product_brand?post=6935"},{"taxonomy":"product_cat","embeddable":true,"href":"https:\/\/lightup.lv\/lt\/wp-json\/wp\/v2\/product_cat?post=6935"},{"taxonomy":"product_tag","embeddable":true,"href":"https:\/\/lightup.lv\/lt\/wp-json\/wp\/v2\/product_tag?post=6935"}],"curies":[{"name":"wp","href":"https:\/\/api.w.org\/{rel}","templated":true}]}}