{"id":6958,"date":"2021-02-09T07:41:54","date_gmt":"2021-02-09T07:41:54","guid":{"rendered":"https:\/\/lightup.lv\/product\/tripod-entry-oak\/"},"modified":"2026-05-08T15:21:46","modified_gmt":"2026-05-08T13:21:46","slug":"tripod-entry-oak","status":"publish","type":"product","link":"https:\/\/lightup.lv\/lt\/precu-katalogs\/tripod-entry-oak\/","title":{"rendered":"Trikojis \u012f\u0117jimas \u0105\u017euolas"},"content":{"rendered":"<p>Izm\u0113rs 149x54x180 cm<\/p>\n<p>ID 252353101012<\/p>","protected":false},"excerpt":{"rendered":"<p>R\u0101mis ir izgatavots no ozolkoka. Ir viena atvilktne, kuru p\u0101rvieto pa tand\u0113ma sliedi. Spogulis ir \u012bpa\u0161as formas 4 mm biezs, aizmugur\u0113 ir dro\u0161\u012bbas pl\u0113ve. Atvilktnes rokturis ir izgatavots no dab\u012bgas \u0101das. Aiz spogu\u013ca ir divi pakaramie plaukti.<\/p>","protected":false},"featured_media":26167,"template":"","meta":{"_acf_changed":false},"product_brand":[],"product_cat":[30,112],"product_tag":[102],"class_list":{"0":"post-6958","1":"product","2":"type-product","3":"status-publish","4":"has-post-thumbnail","6":"product_cat-korpusa-mebeles","7":"product_cat-prieksnama-mebeles","8":"product_tag-woodman","10":"first","11":"onbackorder","12":"shipping-taxable","13":"purchasable","14":"product-type-simple"},"acf":[],"_links":{"self":[{"href":"https:\/\/lightup.lv\/lt\/wp-json\/wp\/v2\/product\/6958","targetHints":{"allow":["GET"]}}],"collection":[{"href":"https:\/\/lightup.lv\/lt\/wp-json\/wp\/v2\/product"}],"about":[{"href":"https:\/\/lightup.lv\/lt\/wp-json\/wp\/v2\/types\/product"}],"wp:featuredmedia":[{"embeddable":true,"href":"https:\/\/lightup.lv\/lt\/wp-json\/wp\/v2\/media\/26167"}],"wp:attachment":[{"href":"https:\/\/lightup.lv\/lt\/wp-json\/wp\/v2\/media?parent=6958"}],"wp:term":[{"taxonomy":"product_brand","embeddable":true,"href":"https:\/\/lightup.lv\/lt\/wp-json\/wp\/v2\/product_brand?post=6958"},{"taxonomy":"product_cat","embeddable":true,"href":"https:\/\/lightup.lv\/lt\/wp-json\/wp\/v2\/product_cat?post=6958"},{"taxonomy":"product_tag","embeddable":true,"href":"https:\/\/lightup.lv\/lt\/wp-json\/wp\/v2\/product_tag?post=6958"}],"curies":[{"name":"wp","href":"https:\/\/api.w.org\/{rel}","templated":true}]}}