{"id":7019,"date":"2021-02-09T08:48:58","date_gmt":"2021-02-09T08:48:58","guid":{"rendered":"https:\/\/lightup.lv\/product\/northgate-settler-bench\/"},"modified":"2026-05-08T13:55:56","modified_gmt":"2026-05-08T11:55:56","slug":"northgate-settler-bench","status":"publish","type":"product","link":"https:\/\/lightup.lv\/lt\/precu-katalogs\/northgate-settler-bench\/","title":{"rendered":"Northgate Settler suolas"},"content":{"rendered":"<p>Izm\u0113rs 120x35x182 cm<\/p>\n<p>ID 139336001082<\/p>","protected":false},"excerpt":{"rendered":"<p>Mas\u012bvas ozolkoka k\u0101jas, 4 pakaramie dr\u0113b\u0113m un r\u0101mis, balt\u0101 kr\u0101s\u0101 korpuss. S\u0113d\u0113\u0161anas augstums ir 47 cm. Der ~ 6 apavu p\u0101ri.<\/p>","protected":false},"featured_media":7020,"template":"","meta":{"_acf_changed":false},"product_brand":[],"product_cat":[30,112],"product_tag":[102],"class_list":{"0":"post-7019","1":"product","2":"type-product","3":"status-publish","4":"has-post-thumbnail","6":"product_cat-korpusa-mebeles","7":"product_cat-prieksnama-mebeles","8":"product_tag-woodman","10":"first","11":"onbackorder","12":"shipping-taxable","13":"purchasable","14":"product-type-simple"},"acf":[],"_links":{"self":[{"href":"https:\/\/lightup.lv\/lt\/wp-json\/wp\/v2\/product\/7019","targetHints":{"allow":["GET"]}}],"collection":[{"href":"https:\/\/lightup.lv\/lt\/wp-json\/wp\/v2\/product"}],"about":[{"href":"https:\/\/lightup.lv\/lt\/wp-json\/wp\/v2\/types\/product"}],"wp:featuredmedia":[{"embeddable":true,"href":"https:\/\/lightup.lv\/lt\/wp-json\/wp\/v2\/media\/7020"}],"wp:attachment":[{"href":"https:\/\/lightup.lv\/lt\/wp-json\/wp\/v2\/media?parent=7019"}],"wp:term":[{"taxonomy":"product_brand","embeddable":true,"href":"https:\/\/lightup.lv\/lt\/wp-json\/wp\/v2\/product_brand?post=7019"},{"taxonomy":"product_cat","embeddable":true,"href":"https:\/\/lightup.lv\/lt\/wp-json\/wp\/v2\/product_cat?post=7019"},{"taxonomy":"product_tag","embeddable":true,"href":"https:\/\/lightup.lv\/lt\/wp-json\/wp\/v2\/product_tag?post=7019"}],"curies":[{"name":"wp","href":"https:\/\/api.w.org\/{rel}","templated":true}]}}