{"id":7049,"date":"2021-02-09T09:21:13","date_gmt":"2021-02-09T09:21:13","guid":{"rendered":"https:\/\/lightup.lv\/product\/hannover-shoe-bench\/"},"modified":"2026-05-08T14:08:16","modified_gmt":"2026-05-08T12:08:16","slug":"hannover-shoe-bench","status":"publish","type":"product","link":"https:\/\/lightup.lv\/lt\/precu-katalogs\/hannover-shoe-bench\/","title":{"rendered":"Hanoverio bat\u0173 suoliukas"},"content":{"rendered":"<p>Izm\u0113rs 125x32x48 cm<\/p>\n<p>ID 170361204072<\/p>","protected":false},"excerpt":{"rendered":"<p>Apavu skapis izgatavots no tum\u0161i pel\u0113ka kokmateri\u0101la. Maksim\u0101l\u0101 svara iztur\u012bba ir ~ 20kg. Vid\u0113ji der 10 apavu p\u0101ri. Augstums starp gr\u012bdu un pamatni ir 5 cm.<\/p>","protected":false},"featured_media":7050,"template":"","meta":{"_acf_changed":false},"product_brand":[],"product_cat":[30,112],"product_tag":[102],"class_list":{"0":"post-7049","1":"product","2":"type-product","3":"status-publish","4":"has-post-thumbnail","6":"product_cat-korpusa-mebeles","7":"product_cat-prieksnama-mebeles","8":"product_tag-woodman","10":"first","11":"onbackorder","12":"shipping-taxable","13":"purchasable","14":"product-type-simple"},"acf":[],"_links":{"self":[{"href":"https:\/\/lightup.lv\/lt\/wp-json\/wp\/v2\/product\/7049","targetHints":{"allow":["GET"]}}],"collection":[{"href":"https:\/\/lightup.lv\/lt\/wp-json\/wp\/v2\/product"}],"about":[{"href":"https:\/\/lightup.lv\/lt\/wp-json\/wp\/v2\/types\/product"}],"wp:featuredmedia":[{"embeddable":true,"href":"https:\/\/lightup.lv\/lt\/wp-json\/wp\/v2\/media\/7050"}],"wp:attachment":[{"href":"https:\/\/lightup.lv\/lt\/wp-json\/wp\/v2\/media?parent=7049"}],"wp:term":[{"taxonomy":"product_brand","embeddable":true,"href":"https:\/\/lightup.lv\/lt\/wp-json\/wp\/v2\/product_brand?post=7049"},{"taxonomy":"product_cat","embeddable":true,"href":"https:\/\/lightup.lv\/lt\/wp-json\/wp\/v2\/product_cat?post=7049"},{"taxonomy":"product_tag","embeddable":true,"href":"https:\/\/lightup.lv\/lt\/wp-json\/wp\/v2\/product_tag?post=7049"}],"curies":[{"name":"wp","href":"https:\/\/api.w.org\/{rel}","templated":true}]}}