{"id":7065,"date":"2021-02-09T09:38:38","date_gmt":"2021-02-09T09:38:38","guid":{"rendered":"https:\/\/lightup.lv\/product\/slussen-hallway-shoe-rack\/"},"modified":"2026-05-08T14:14:32","modified_gmt":"2026-05-08T12:14:32","slug":"slussen-hallway-shoe-rack","status":"publish","type":"product","link":"https:\/\/lightup.lv\/lt\/precu-katalogs\/slussen-hallway-shoe-rack\/","title":{"rendered":"\u201eSlussen\u201c prie\u0161kambario bat\u0173 lentyna"},"content":{"rendered":"<p>Dydis 100 x 38 x 30 cm<\/p>\n<p>ID 134351101133<\/p>","protected":false},"excerpt":{"rendered":"<p>Ozolkoka r\u0101mis. Plaukti no meln\u0101m t\u0113rauda caurul\u0113m. Vieta starp aug\u0161\u0113jo un apak\u0161\u0113jo l\u012bmeni ir 23 cm. Apavu plaukts vid\u0113ji paredz\u0113ts 8 apavu p\u0101riem. Gatavs salikts.<\/p>","protected":false},"featured_media":7066,"template":"","meta":{"_acf_changed":false},"product_brand":[],"product_cat":[30,112],"product_tag":[102],"class_list":{"0":"post-7065","1":"product","2":"type-product","3":"status-publish","4":"has-post-thumbnail","6":"product_cat-korpusa-mebeles","7":"product_cat-prieksnama-mebeles","8":"product_tag-woodman","10":"first","11":"onbackorder","12":"shipping-taxable","13":"purchasable","14":"product-type-simple"},"acf":[],"_links":{"self":[{"href":"https:\/\/lightup.lv\/lt\/wp-json\/wp\/v2\/product\/7065","targetHints":{"allow":["GET"]}}],"collection":[{"href":"https:\/\/lightup.lv\/lt\/wp-json\/wp\/v2\/product"}],"about":[{"href":"https:\/\/lightup.lv\/lt\/wp-json\/wp\/v2\/types\/product"}],"wp:featuredmedia":[{"embeddable":true,"href":"https:\/\/lightup.lv\/lt\/wp-json\/wp\/v2\/media\/7066"}],"wp:attachment":[{"href":"https:\/\/lightup.lv\/lt\/wp-json\/wp\/v2\/media?parent=7065"}],"wp:term":[{"taxonomy":"product_brand","embeddable":true,"href":"https:\/\/lightup.lv\/lt\/wp-json\/wp\/v2\/product_brand?post=7065"},{"taxonomy":"product_cat","embeddable":true,"href":"https:\/\/lightup.lv\/lt\/wp-json\/wp\/v2\/product_cat?post=7065"},{"taxonomy":"product_tag","embeddable":true,"href":"https:\/\/lightup.lv\/lt\/wp-json\/wp\/v2\/product_tag?post=7065"}],"curies":[{"name":"wp","href":"https:\/\/api.w.org\/{rel}","templated":true}]}}