{"id":7074,"date":"2021-02-09T09:45:17","date_gmt":"2021-02-09T09:45:17","guid":{"rendered":"https:\/\/lightup.lv\/product\/slussen-hallway-bench\/"},"modified":"2026-05-08T14:15:20","modified_gmt":"2026-05-08T12:15:20","slug":"slussen-hallway-bench","status":"publish","type":"product","link":"https:\/\/lightup.lv\/lt\/precu-katalogs\/slussen-hallway-bench\/","title":{"rendered":"Slussen prie\u0161kambario suolas"},"content":{"rendered":"<p>Izm\u0113rs 100x39x50 cm<\/p>\n<p>ID 134351101014<\/p>","protected":false},"excerpt":{"rendered":"<p>Ozolkoka pamatne un k\u0101jas (h15cm). Atv\u0113rt\u0101 plaukta izm\u0113ri ir 52,5x36x13cm. Atvilktnes augstums 15cm (iek\u0161pus\u0113 12cm). Melni \u0101das rokturi (3&#215;3,5cm). Ir s\u0113\u017eam\u0101 da\u013ca (2 cm bieza), kas izgatavota no \u0161\u0137iedru pl\u0101tnes, nav m\u012bksta, p\u0101rkl\u0101ta ar melnu m\u0101ksl\u012bgo \u0101du.<\/p>","protected":false},"featured_media":7075,"template":"","meta":{"_acf_changed":false},"product_brand":[],"product_cat":[30,112],"product_tag":[102],"class_list":{"0":"post-7074","1":"product","2":"type-product","3":"status-publish","4":"has-post-thumbnail","6":"product_cat-korpusa-mebeles","7":"product_cat-prieksnama-mebeles","8":"product_tag-woodman","10":"first","11":"onbackorder","12":"shipping-taxable","13":"purchasable","14":"product-type-simple"},"acf":[],"_links":{"self":[{"href":"https:\/\/lightup.lv\/lt\/wp-json\/wp\/v2\/product\/7074","targetHints":{"allow":["GET"]}}],"collection":[{"href":"https:\/\/lightup.lv\/lt\/wp-json\/wp\/v2\/product"}],"about":[{"href":"https:\/\/lightup.lv\/lt\/wp-json\/wp\/v2\/types\/product"}],"wp:featuredmedia":[{"embeddable":true,"href":"https:\/\/lightup.lv\/lt\/wp-json\/wp\/v2\/media\/7075"}],"wp:attachment":[{"href":"https:\/\/lightup.lv\/lt\/wp-json\/wp\/v2\/media?parent=7074"}],"wp:term":[{"taxonomy":"product_brand","embeddable":true,"href":"https:\/\/lightup.lv\/lt\/wp-json\/wp\/v2\/product_brand?post=7074"},{"taxonomy":"product_cat","embeddable":true,"href":"https:\/\/lightup.lv\/lt\/wp-json\/wp\/v2\/product_cat?post=7074"},{"taxonomy":"product_tag","embeddable":true,"href":"https:\/\/lightup.lv\/lt\/wp-json\/wp\/v2\/product_tag?post=7074"}],"curies":[{"name":"wp","href":"https:\/\/api.w.org\/{rel}","templated":true}]}}