{"id":7083,"date":"2021-02-09T09:53:56","date_gmt":"2021-02-09T09:53:56","guid":{"rendered":"https:\/\/lightup.lv\/product\/slussen-hallway-coat-rack\/"},"modified":"2026-05-08T14:16:34","modified_gmt":"2026-05-08T12:16:34","slug":"slussen-prieskambario-kabykla","status":"publish","type":"product","link":"https:\/\/lightup.lv\/lt\/precu-katalogs\/slussen-hallway-coat-rack\/","title":{"rendered":"\u201eSlussen\u201c prie\u0161kambario palt\u0173 kabykla"},"content":{"rendered":"<p>Dydis 100 x 38 x 30 cm<\/p>\n<p>ID 134366001133<\/p>","protected":false},"excerpt":{"rendered":"<p>\u0104\u017euolinis r\u0117mas. Juodo plieno vamzdis, kai\u0161\u010diai pagaminti i\u0161 \u0105\u017euolo, da\u017eyti juodai. Gaminys turi b\u016bti tvirtinamas prie sienos, ta\u010diau neturi speciali\u0173 tvirtinimo var\u017et\u0173 ar kai\u0161\u010di\u0173 montavimui prie sienos. Pristatomas jau surinktas.<\/p>","protected":false},"featured_media":7084,"template":"","meta":{"_acf_changed":false},"product_brand":[],"product_cat":[30,112],"product_tag":[102],"class_list":{"0":"post-7083","1":"product","2":"type-product","3":"status-publish","4":"has-post-thumbnail","6":"product_cat-korpusa-mebeles","7":"product_cat-prieksnama-mebeles","8":"product_tag-woodman","10":"first","11":"onbackorder","12":"shipping-taxable","13":"purchasable","14":"product-type-simple"},"acf":[],"_links":{"self":[{"href":"https:\/\/lightup.lv\/lt\/wp-json\/wp\/v2\/product\/7083","targetHints":{"allow":["GET"]}}],"collection":[{"href":"https:\/\/lightup.lv\/lt\/wp-json\/wp\/v2\/product"}],"about":[{"href":"https:\/\/lightup.lv\/lt\/wp-json\/wp\/v2\/types\/product"}],"wp:featuredmedia":[{"embeddable":true,"href":"https:\/\/lightup.lv\/lt\/wp-json\/wp\/v2\/media\/7084"}],"wp:attachment":[{"href":"https:\/\/lightup.lv\/lt\/wp-json\/wp\/v2\/media?parent=7083"}],"wp:term":[{"taxonomy":"product_brand","embeddable":true,"href":"https:\/\/lightup.lv\/lt\/wp-json\/wp\/v2\/product_brand?post=7083"},{"taxonomy":"product_cat","embeddable":true,"href":"https:\/\/lightup.lv\/lt\/wp-json\/wp\/v2\/product_cat?post=7083"},{"taxonomy":"product_tag","embeddable":true,"href":"https:\/\/lightup.lv\/lt\/wp-json\/wp\/v2\/product_tag?post=7083"}],"curies":[{"name":"wp","href":"https:\/\/api.w.org\/{rel}","templated":true}]}}