{"id":7090,"date":"2021-02-09T10:44:36","date_gmt":"2021-02-09T10:44:36","guid":{"rendered":"https:\/\/lightup.lv\/product\/august-h3\/"},"modified":"2024-02-13T11:53:07","modified_gmt":"2024-02-13T11:53:07","slug":"august-h3","status":"publish","type":"product","link":"https:\/\/lightup.lv\/lt\/precu-katalogs\/august-h3\/","title":{"rendered":"Rugpj\u016btis H3"},"content":{"rendered":"<p>Matmenys:<br \/>\nPlotis: 128 cm ir 158 cm<br \/>\n\u016agis: 185 cm<br \/>\nGylis: 75 cm<br \/>\nS\u0117dyn\u0117s gylis: 48 cm<br \/>\nS\u0117dyn\u0117s auk\u0161tis: 45 cm<\/p>\n<p>5 met\u0173 garantija.<\/p>\n<p>Cena s\u0101kot NO: 3596,12 eiro<br \/>\nKaina priklauso nuo konfig\u016bracijos ir pasirinkto audinio atspalvio.<\/p>\n<p>\u2013 Galimi \u012fvair\u016bs dyd\u017eiai<br \/>\n\u2013 Galimi \u012fvair\u016bs audiniai ir atspalviai<br \/>\n\u2013 Galimi individual\u016bs sprendimai<br \/>\n\u2013 Galimi 3D modeliai<br \/>\nSusisiekite su mumis ir mes jums visk\u0105 i\u0161samiai papasakosime.<\/p>\n<p>ID August H3<\/p>","protected":false},"excerpt":{"rendered":"<p>Auk\u0161tos kokyb\u0117s sof\u0173 su gars\u0105 sugerian\u010diomis savyb\u0117mis serija, specialiai sukurta atviro plano darbo aplinkai. Sofos yra \u012fvairaus plo\u010dio ir auk\u0161\u010dio, tod\u0117l galite sukurti laisvai stovin\u010dias \u012fvairi\u0173 form\u0173 ir dyd\u017ei\u0173 privatumo \u201esaleles\u201c, kuriose galite rengti mini susitikimus, gilintis \u012f dokumentus ar skambinti svarbiais telefono skambu\u010diais atokiau nuo judriausi\u0173 darbo viet\u0173.<br \/>\nAsimetriski atzveltnes spilveni, kas l\u012bdzin\u0101s j\u016bras akme\u0146iem, nodro\u0161ina dizaina akcentu. Augstas kvalit\u0101tes materi\u0101li nodro\u0161ina, ka J\u016bs varat pa\u013cauties uz to, ka d\u012bv\u0101ni kalpos ilgu laiku J\u016bsu biroja vajadz\u012bb\u0101m.<\/p>","protected":false},"featured_media":7091,"template":"","meta":{"_acf_changed":false},"product_brand":[],"product_cat":[101,113],"product_tag":[114],"class_list":{"0":"post-7090","1":"product","2":"type-product","3":"status-publish","4":"has-post-thumbnail","6":"product_cat-biroja-mebeles","7":"product_cat-uzgaidamie-divani","8":"product_tag-intuit","10":"first","11":"instock","12":"shipping-taxable","13":"purchasable","14":"product-type-simple"},"acf":[],"_links":{"self":[{"href":"https:\/\/lightup.lv\/lt\/wp-json\/wp\/v2\/product\/7090","targetHints":{"allow":["GET"]}}],"collection":[{"href":"https:\/\/lightup.lv\/lt\/wp-json\/wp\/v2\/product"}],"about":[{"href":"https:\/\/lightup.lv\/lt\/wp-json\/wp\/v2\/types\/product"}],"wp:featuredmedia":[{"embeddable":true,"href":"https:\/\/lightup.lv\/lt\/wp-json\/wp\/v2\/media\/7091"}],"wp:attachment":[{"href":"https:\/\/lightup.lv\/lt\/wp-json\/wp\/v2\/media?parent=7090"}],"wp:term":[{"taxonomy":"product_brand","embeddable":true,"href":"https:\/\/lightup.lv\/lt\/wp-json\/wp\/v2\/product_brand?post=7090"},{"taxonomy":"product_cat","embeddable":true,"href":"https:\/\/lightup.lv\/lt\/wp-json\/wp\/v2\/product_cat?post=7090"},{"taxonomy":"product_tag","embeddable":true,"href":"https:\/\/lightup.lv\/lt\/wp-json\/wp\/v2\/product_tag?post=7090"}],"curies":[{"name":"wp","href":"https:\/\/api.w.org\/{rel}","templated":true}]}}