{"id":7150,"date":"2021-02-09T11:41:08","date_gmt":"2021-02-09T11:41:08","guid":{"rendered":"https:\/\/lightup.lv\/product\/august-1-s-h2\/"},"modified":"2024-02-13T11:49:44","modified_gmt":"2024-02-13T11:49:44","slug":"august-1-s-h2","status":"publish","type":"product","link":"https:\/\/lightup.lv\/lt\/precu-katalogs\/august-1-s-h2\/","title":{"rendered":"Rugpj\u016b\u010dio 1 d. \u2013 \u0161e\u0161tadienis \/ antrasis pusmetis"},"content":{"rendered":"<p>Matmenys:<br \/>\nPlotis: 78 cm<br \/>\n\u016agis: 145 cm<br \/>\nGylis: 75 cm<br \/>\nS\u0117dyn\u0117s gylis: 48 cm<br \/>\nS\u0117dyn\u0117s auk\u0161tis: 45 cm<\/p>\n<p>5 met\u0173 garantija.<\/p>\n<p>Cena s\u0101kot NO: 2012,23 eiro<br \/>\nKaina priklauso nuo konfig\u016bracijos ir pasirinkto audinio atspalvio.<\/p>\n<p>\u2013 Galimi \u012fvair\u016bs dyd\u017eiai<br \/>\n\u2013 Galimi \u012fvair\u016bs audiniai ir atspalviai<br \/>\n\u2013 Galimi individual\u016bs sprendimai<br \/>\n\u2013 Galimi 3D modeliai<br \/>\nSusisiekite su mumis ir mes jums visk\u0105 i\u0161samiai papasakosime.<\/p>\n<p>ID August 1-S\/H2<\/p>","protected":false},"excerpt":{"rendered":"<p>Auk\u0161tos kokyb\u0117s sof\u0173 su gars\u0105 sugerian\u010diomis savyb\u0117mis serija, specialiai sukurta atviro plano darbo aplinkai. Sofos yra \u012fvairaus plo\u010dio ir auk\u0161\u010dio, tod\u0117l galite sukurti laisvai stovin\u010dias \u012fvairi\u0173 form\u0173 ir dyd\u017ei\u0173 privatumo \u201esaleles\u201c, kuriose galite rengti mini susitikimus, gilintis \u012f dokumentus ar skambinti svarbiais telefono skambu\u010diais atokiau nuo judriausi\u0173 darbo viet\u0173.<br \/>\nAsimetri\u0161kos, j\u016bros akmenukus primenan\u010dios nugaros pagalv\u0117l\u0117s sukuria draugi\u0161k\u0105 akcent\u0105. Auk\u0161tos kokyb\u0117s med\u017eiagos u\u017etikrina, kad sofos ilgai tarnaus j\u016bs\u0173 biure.<\/p>","protected":false},"featured_media":7151,"template":"","meta":{"_acf_changed":false},"product_brand":[],"product_cat":[115,101],"product_tag":[114],"class_list":{"0":"post-7150","1":"product","2":"type-product","3":"status-publish","4":"has-post-thumbnail","6":"product_cat-atputas-kresli-publisko-telpu-mebeles","7":"product_cat-biroja-mebeles","8":"product_tag-intuit","10":"first","11":"instock","12":"shipping-taxable","13":"purchasable","14":"product-type-simple"},"acf":[],"_links":{"self":[{"href":"https:\/\/lightup.lv\/lt\/wp-json\/wp\/v2\/product\/7150","targetHints":{"allow":["GET"]}}],"collection":[{"href":"https:\/\/lightup.lv\/lt\/wp-json\/wp\/v2\/product"}],"about":[{"href":"https:\/\/lightup.lv\/lt\/wp-json\/wp\/v2\/types\/product"}],"wp:featuredmedia":[{"embeddable":true,"href":"https:\/\/lightup.lv\/lt\/wp-json\/wp\/v2\/media\/7151"}],"wp:attachment":[{"href":"https:\/\/lightup.lv\/lt\/wp-json\/wp\/v2\/media?parent=7150"}],"wp:term":[{"taxonomy":"product_brand","embeddable":true,"href":"https:\/\/lightup.lv\/lt\/wp-json\/wp\/v2\/product_brand?post=7150"},{"taxonomy":"product_cat","embeddable":true,"href":"https:\/\/lightup.lv\/lt\/wp-json\/wp\/v2\/product_cat?post=7150"},{"taxonomy":"product_tag","embeddable":true,"href":"https:\/\/lightup.lv\/lt\/wp-json\/wp\/v2\/product_tag?post=7150"}],"curies":[{"name":"wp","href":"https:\/\/api.w.org\/{rel}","templated":true}]}}