{"id":7212,"date":"2021-02-10T08:24:49","date_gmt":"2021-02-10T08:24:49","guid":{"rendered":"https:\/\/lightup.lv\/product\/frankie-2s-2wl2wr\/"},"modified":"2024-02-13T11:40:20","modified_gmt":"2024-02-13T11:40:20","slug":"frankie-2s-2wl2wr","status":"publish","type":"product","link":"https:\/\/lightup.lv\/lt\/produktu-katalogas\/frankie-2s-2wl2wr\/","title":{"rendered":"Frankie 2S\/2WL+2WR"},"content":{"rendered":"<p>Matmenys:<br \/>\nPlotis: 167 cm<br \/>\nAuk\u0161tis: 120 cm<br \/>\nGylis: 81 cm<br \/>\nS\u0117dyn\u0117s auk\u0161tis: 45 cm<\/p>\n<p>5 met\u0173 garantija.<\/p>\n<p>Cena s\u0101kot NO: 3459,39 eiro<br \/>\nKaina priklauso nuo konfig\u016bracijos ir pasirinkto audinio atspalvio.<\/p>\n<p>\u2013 Galimi \u012fvair\u016bs dyd\u017eiai<br \/>\n\u2013 Galimi \u012fvair\u016bs audiniai ir atspalviai<br \/>\n\u2013 Galimi individual\u016bs sprendimai<br \/>\n\u2013 Galimi 3D modeliai<br \/>\nSusisiekite su mumis ir mes jums visk\u0105 i\u0161samiai papasakosime.<\/p>\n<p>ID Frankie 2S+2WL\/2WR<\/p>","protected":false},"excerpt":{"rendered":"<p>Frankie stiliaus sofos yra plonos, bet su mink\u0161tais kampais \u2013 jos patogios ir universalios \u2013 \u012fvairi\u0173 dyd\u017ei\u0173 ir dizaino, kuriuos galite pasirinkti patys, kad derintum\u0117te siauresnes ir u\u017edaresnes arba atvirk\u0161\u010diai didesnes darbo sofas.<\/p>\n<p>Komplekte taip pat yra kilnojamas stalas su vieta kompiuteriui, puodeliui ar \u017eurnalui. \u201eFrankie\u201c si\u016blo plat\u0173 ir \u017eaisming\u0105 asortiment\u0105, puikiai tinkant\u012f kuriant darbo vietas su naujomis funkcijomis ir kintan\u010diais poreikiais.<\/p>","protected":false},"featured_media":7213,"template":"","meta":{"_acf_changed":false},"product_brand":[],"product_cat":[115,101],"product_tag":[114],"class_list":{"0":"post-7212","1":"product","2":"type-product","3":"status-publish","4":"has-post-thumbnail","6":"product_cat-atputas-kresli-publisko-telpu-mebeles","7":"product_cat-biroja-mebeles","8":"product_tag-intuit","10":"first","11":"instock","12":"shipping-taxable","13":"purchasable","14":"product-type-simple"},"acf":[],"_links":{"self":[{"href":"https:\/\/lightup.lv\/lt\/wp-json\/wp\/v2\/product\/7212","targetHints":{"allow":["GET"]}}],"collection":[{"href":"https:\/\/lightup.lv\/lt\/wp-json\/wp\/v2\/product"}],"about":[{"href":"https:\/\/lightup.lv\/lt\/wp-json\/wp\/v2\/types\/product"}],"wp:featuredmedia":[{"embeddable":true,"href":"https:\/\/lightup.lv\/lt\/wp-json\/wp\/v2\/media\/7213"}],"wp:attachment":[{"href":"https:\/\/lightup.lv\/lt\/wp-json\/wp\/v2\/media?parent=7212"}],"wp:term":[{"taxonomy":"product_brand","embeddable":true,"href":"https:\/\/lightup.lv\/lt\/wp-json\/wp\/v2\/product_brand?post=7212"},{"taxonomy":"product_cat","embeddable":true,"href":"https:\/\/lightup.lv\/lt\/wp-json\/wp\/v2\/product_cat?post=7212"},{"taxonomy":"product_tag","embeddable":true,"href":"https:\/\/lightup.lv\/lt\/wp-json\/wp\/v2\/product_tag?post=7212"}],"curies":[{"name":"wp","href":"https:\/\/api.w.org\/{rel}","templated":true}]}}