{"id":7252,"date":"2021-02-10T09:40:13","date_gmt":"2021-02-10T09:40:13","guid":{"rendered":"https:\/\/lightup.lv\/product\/meeter-1cl-h3\/"},"modified":"2024-02-13T11:30:22","modified_gmt":"2024-02-13T11:30:22","slug":"meeter-1cl-h3","status":"publish","type":"product","link":"https:\/\/lightup.lv\/lt\/precu-katalogs\/meeter-1cl-h3\/","title":{"rendered":"Meeter 1CL\/H3"},"content":{"rendered":"<p>Plotis: 62\u2013150 cm; standartiniai plo\u010diai: 62, 80, 100, 120, 150; galimi individual\u016bs plo\u010diai<br \/>\nAugstuma variants: 128 cm<br \/>\nGylis: 62 cm<br \/>\nS\u0117dyn\u0117s gylis: 45 cm<br \/>\nS\u0117dyn\u0117s auk\u0161tis: 46 cm<\/p>\n<p>5 met\u0173 garantija.<\/p>\n<p>Cena s\u0101kot NO: 1122,88 eiro<br \/>\nKaina priklauso nuo konfig\u016bracijos ir pasirinkto audinio atspalvio.<\/p>\n<p>\u2013 Galimi \u012fvair\u016bs dyd\u017eiai<br \/>\n\u2013 Galimi \u012fvair\u016bs audiniai ir atspalviai<br \/>\n\u2013 Galimi individual\u016bs sprendimai<br \/>\n\u2013 Galimi 3D modeliai<br \/>\nSusisiekite su mumis ir mes jums visk\u0105 i\u0161samiai papasakosime.<\/p>\n<p>ID Meeter 1CL\/H3<\/p>","protected":false},"excerpt":{"rendered":"<p>\u201eMeeter\u201c \u2013 tai modulin\u0117 sofa, tinkanti vis\u0173 tip\u0173 vie\u0161osioms erdv\u0117ms: restoranams, laukiamiesiems, biurams ir kt. J\u0105 galima surinkti i\u0161 trij\u0173 skirtingo auk\u0161\u010dio moduli\u0173, kuri\u0173 plot\u012f galite pasirinkti patys: nuo 62 iki 150 cm. Plonos metalin\u0117s sofos kojel\u0117s suteikia jai charakterio.<\/p>\n<p>\u201eMeteter\u201c sprendimai idealiai tinka komandiniam ir individualiam darbui. Juos galima derinti grupiniam darbui arba naudoti erdvei padalyti \u012f atskirus vienetus.<\/p>","protected":false},"featured_media":7253,"template":"","meta":{"_acf_changed":false},"product_brand":[],"product_cat":[101,113],"product_tag":[114],"class_list":{"0":"post-7252","1":"product","2":"type-product","3":"status-publish","4":"has-post-thumbnail","6":"product_cat-biroja-mebeles","7":"product_cat-uzgaidamie-divani","8":"product_tag-intuit","10":"first","11":"instock","12":"shipping-taxable","13":"purchasable","14":"product-type-simple"},"acf":[],"_links":{"self":[{"href":"https:\/\/lightup.lv\/lt\/wp-json\/wp\/v2\/product\/7252","targetHints":{"allow":["GET"]}}],"collection":[{"href":"https:\/\/lightup.lv\/lt\/wp-json\/wp\/v2\/product"}],"about":[{"href":"https:\/\/lightup.lv\/lt\/wp-json\/wp\/v2\/types\/product"}],"wp:featuredmedia":[{"embeddable":true,"href":"https:\/\/lightup.lv\/lt\/wp-json\/wp\/v2\/media\/7253"}],"wp:attachment":[{"href":"https:\/\/lightup.lv\/lt\/wp-json\/wp\/v2\/media?parent=7252"}],"wp:term":[{"taxonomy":"product_brand","embeddable":true,"href":"https:\/\/lightup.lv\/lt\/wp-json\/wp\/v2\/product_brand?post=7252"},{"taxonomy":"product_cat","embeddable":true,"href":"https:\/\/lightup.lv\/lt\/wp-json\/wp\/v2\/product_cat?post=7252"},{"taxonomy":"product_tag","embeddable":true,"href":"https:\/\/lightup.lv\/lt\/wp-json\/wp\/v2\/product_tag?post=7252"}],"curies":[{"name":"wp","href":"https:\/\/api.w.org\/{rel}","templated":true}]}}