{"id":7268,"date":"2021-02-11T08:09:53","date_gmt":"2021-02-11T08:09:53","guid":{"rendered":"https:\/\/lightup.lv\/product\/museo-c\/"},"modified":"2024-02-13T11:25:48","modified_gmt":"2024-02-13T11:25:48","slug":"museo-c","status":"publish","type":"product","link":"https:\/\/lightup.lv\/lt\/precu-katalogs\/museo-c\/","title":{"rendered":"Muziejus C"},"content":{"rendered":"<p>Dydis 65x65x78 cm<br \/>\n5 met\u0173 garantija.<\/p>\n<p>Cena s\u0101kot NO: 1079,32 eiro<br \/>\nKaina priklauso nuo konfig\u016bracijos ir pasirinkto audinio atspalvio.<\/p>\n<p>\u2013 Galimi \u012fvair\u016bs dyd\u017eiai<br \/>\n\u2013 Galimi \u012fvair\u016bs audiniai ir atspalviai<br \/>\n\u2013 Galimi individual\u016bs sprendimai<br \/>\n\u2013 Galimi 3D modeliai<br \/>\nSusisiekite su mumis ir mes jums visk\u0105 i\u0161samiai papasakosime.<\/p>\n<p>ID Museo C<\/p>","protected":false},"excerpt":{"rendered":"<p>\u0160ios sofos rakta\u017eod\u017eiai \u2013 patogumas, lankstumas ir mobilumas. J\u0105 sudaro moduliai, i\u0161 kuri\u0173 galite kurti skirtingus derinius. \u201eMuseo\u201c yra universali ir klasikin\u0117s formos, tod\u0117l idealiai tinka laukimo zonoms beveik bet kurioje vie\u0161oje erdv\u0117je.<br \/>\nMetalin\u0117s kojel\u0117s, kurios gali b\u016bti \u012fvairi\u0173 apdailos variant\u0173, suteikia baldui lengvumo ir charakterio. U\u017epildo ir dangos med\u017eiagos yra patvarios ir atsparios ugniai, kaip ir reikalaujama vie\u0161osiose erdv\u0117se.<\/p>","protected":false},"featured_media":7269,"template":"","meta":{"_acf_changed":false},"product_brand":[],"product_cat":[101,113],"product_tag":[114],"class_list":{"0":"post-7268","1":"product","2":"type-product","3":"status-publish","4":"has-post-thumbnail","6":"product_cat-biroja-mebeles","7":"product_cat-uzgaidamie-divani","8":"product_tag-intuit","10":"first","11":"instock","12":"shipping-taxable","13":"purchasable","14":"product-type-simple"},"acf":[],"_links":{"self":[{"href":"https:\/\/lightup.lv\/lt\/wp-json\/wp\/v2\/product\/7268","targetHints":{"allow":["GET"]}}],"collection":[{"href":"https:\/\/lightup.lv\/lt\/wp-json\/wp\/v2\/product"}],"about":[{"href":"https:\/\/lightup.lv\/lt\/wp-json\/wp\/v2\/types\/product"}],"wp:featuredmedia":[{"embeddable":true,"href":"https:\/\/lightup.lv\/lt\/wp-json\/wp\/v2\/media\/7269"}],"wp:attachment":[{"href":"https:\/\/lightup.lv\/lt\/wp-json\/wp\/v2\/media?parent=7268"}],"wp:term":[{"taxonomy":"product_brand","embeddable":true,"href":"https:\/\/lightup.lv\/lt\/wp-json\/wp\/v2\/product_brand?post=7268"},{"taxonomy":"product_cat","embeddable":true,"href":"https:\/\/lightup.lv\/lt\/wp-json\/wp\/v2\/product_cat?post=7268"},{"taxonomy":"product_tag","embeddable":true,"href":"https:\/\/lightup.lv\/lt\/wp-json\/wp\/v2\/product_tag?post=7268"}],"curies":[{"name":"wp","href":"https:\/\/api.w.org\/{rel}","templated":true}]}}