{"id":7284,"date":"2021-02-11T08:46:33","date_gmt":"2021-02-11T08:46:33","guid":{"rendered":"https:\/\/lightup.lv\/product\/lilja\/"},"modified":"2024-02-13T11:22:18","modified_gmt":"2024-02-13T11:22:18","slug":"lelija","status":"publish","type":"product","link":"https:\/\/lightup.lv\/lt\/precu-katalogs\/lilja\/","title":{"rendered":"Lilija"},"content":{"rendered":"<p>Matmenys:<br \/>\nPlo\u010dio parinktys: 70 cm, 140 cm, 210 cm<br \/>\nGylis: 80 cm<br \/>\nAuk\u0161tis: 70 cm<br \/>\n5 met\u0173 garantija.<\/p>\n<p>Kaina nuo: 963,16 eur\u0173<br \/>\nKaina priklauso nuo konfig\u016bracijos ir pasirinkto audinio atspalvio.<\/p>\n<p>\u2013 Galimi \u012fvair\u016bs dyd\u017eiai<br \/>\n\u2013 Galimi \u012fvair\u016bs audiniai ir atspalviai<br \/>\n\u2013 Galimi individual\u016bs sprendimai<br \/>\n\u2013 Galimi 3D modeliai<br \/>\nSusisiekite su mumis ir mes jums visk\u0105 i\u0161samiai papasakosime.<\/p>\n<p>ID Lily<\/p>","protected":false},"excerpt":{"rendered":"<p>\u201eLilja\u201c baldas buvo sukurtas bendradarbiaujant su suomi\u0173 dizaineriu Samuli Naamanka. Harmonija ir nesenstanti elegancija paver\u010dia j\u012f tikru vie\u0161\u0173j\u0173 erdvi\u0173 perlu. \u0160iltas ir draugi\u0161kas med\u017eio masyvas bei eleganti\u0161kos linijos sukuria malon\u0173 bald\u0105, atspindint\u012f \u0161iaurieti\u0161k\u0105 po\u017ei\u016br\u012f \u012f stili\u0173 ir kokyb\u0119.<br \/>\nVienas svarbiausi\u0173 \u201eLilja\u201c savybi\u0173 yra modulinis dizainas. Galite \u017eaisti ir kurti \u012fvairius derinius skirtingoms funkcijoms skirtiems kambariams, o pasirinkdami norimas spalvas ir porankius, sof\u0105 padaryti dar asmeni\u0161kesn\u0119. \u0160ios sofos \u0161iluma ir ergonomi\u0161kas dizainas kvie\u010dia pris\u0117sti. Ji tikrai patogi.<\/p>","protected":false},"featured_media":7285,"template":"","meta":{"_acf_changed":false},"product_brand":[],"product_cat":[101,113],"product_tag":[114],"class_list":{"0":"post-7284","1":"product","2":"type-product","3":"status-publish","4":"has-post-thumbnail","6":"product_cat-biroja-mebeles","7":"product_cat-uzgaidamie-divani","8":"product_tag-intuit","10":"first","11":"instock","12":"shipping-taxable","13":"purchasable","14":"product-type-simple"},"acf":[],"_links":{"self":[{"href":"https:\/\/lightup.lv\/lt\/wp-json\/wp\/v2\/product\/7284","targetHints":{"allow":["GET"]}}],"collection":[{"href":"https:\/\/lightup.lv\/lt\/wp-json\/wp\/v2\/product"}],"about":[{"href":"https:\/\/lightup.lv\/lt\/wp-json\/wp\/v2\/types\/product"}],"wp:featuredmedia":[{"embeddable":true,"href":"https:\/\/lightup.lv\/lt\/wp-json\/wp\/v2\/media\/7285"}],"wp:attachment":[{"href":"https:\/\/lightup.lv\/lt\/wp-json\/wp\/v2\/media?parent=7284"}],"wp:term":[{"taxonomy":"product_brand","embeddable":true,"href":"https:\/\/lightup.lv\/lt\/wp-json\/wp\/v2\/product_brand?post=7284"},{"taxonomy":"product_cat","embeddable":true,"href":"https:\/\/lightup.lv\/lt\/wp-json\/wp\/v2\/product_cat?post=7284"},{"taxonomy":"product_tag","embeddable":true,"href":"https:\/\/lightup.lv\/lt\/wp-json\/wp\/v2\/product_tag?post=7284"}],"curies":[{"name":"wp","href":"https:\/\/api.w.org\/{rel}","templated":true}]}}