{"id":7295,"date":"2021-02-11T09:03:03","date_gmt":"2021-02-11T09:03:03","guid":{"rendered":"https:\/\/lightup.lv\/product\/sans-2-seater-with-table-t5\/"},"modified":"2024-02-13T11:19:53","modified_gmt":"2024-02-13T11:19:53","slug":"dviviete-sofa-su-staliuku-t5","status":"publish","type":"product","link":"https:\/\/lightup.lv\/lt\/precu-katalogs\/sans-2-seater-with-table-t5\/","title":{"rendered":"SANS dvivietis su staliuku T5"},"content":{"rendered":"<p>Daug skirting\u0173 dyd\u017ei\u0173.<br \/>\n5 met\u0173 garantija.<\/p>\n<p>Kaina nuo: 2810,83 euro<br \/>\nKaina priklauso nuo konfig\u016bracijos ir pasirinkto audinio atspalvio.<\/p>\n<p>\u2013 Galimi \u012fvair\u016bs dyd\u017eiai<br \/>\n\u2013 Galimi \u012fvair\u016bs audiniai ir atspalviai<br \/>\n\u2013 Galimi individual\u016bs sprendimai<br \/>\n\u2013 Galimi 3D modeliai<br \/>\nSusisiekite su mumis ir mes jums visk\u0105 i\u0161samiai papasakosime.<\/p>\n<p>ID SANS dvivietis su staliuku T5<\/p>","protected":false},"excerpt":{"rendered":"<p>Sofa \u201eSans\u201c skirta naudoti vie\u0161ose erdv\u0117se \u2013 ji ne tik patogi, bet ir tokia jauki, kad galb\u016bt niekada nenor\u0117site i\u0161 jos i\u0161eiti!<br \/>\nMink\u0161t\u0105 pamink\u0161tinim\u0105 papildo plonas metalinis pagrindas. Tai puiki vieta atlikti darbus ar sutelkti mintis, o maitinimo lizdai ir USB prievadas leid\u017eia palaikyti ry\u0161\u012f su i\u0161oriniu pasauliu.<br \/>\n\u201eSans\u201c pasi\u017eymi puikiu moduliniu dizainu ir galimybe naudoti auk\u0161tas sienas, kad prireikus jas b\u016bt\u0173 galima prid\u0117ti, siekiant padidinti privatum\u0105 ir pagerinti akustik\u0105.<\/p>","protected":false},"featured_media":7296,"template":"","meta":{"_acf_changed":false},"product_brand":[],"product_cat":[101,113],"product_tag":[114],"class_list":{"0":"post-7295","1":"product","2":"type-product","3":"status-publish","4":"has-post-thumbnail","6":"product_cat-biroja-mebeles","7":"product_cat-uzgaidamie-divani","8":"product_tag-intuit","10":"first","11":"instock","12":"shipping-taxable","13":"purchasable","14":"product-type-simple"},"acf":[],"_links":{"self":[{"href":"https:\/\/lightup.lv\/lt\/wp-json\/wp\/v2\/product\/7295","targetHints":{"allow":["GET"]}}],"collection":[{"href":"https:\/\/lightup.lv\/lt\/wp-json\/wp\/v2\/product"}],"about":[{"href":"https:\/\/lightup.lv\/lt\/wp-json\/wp\/v2\/types\/product"}],"wp:featuredmedia":[{"embeddable":true,"href":"https:\/\/lightup.lv\/lt\/wp-json\/wp\/v2\/media\/7296"}],"wp:attachment":[{"href":"https:\/\/lightup.lv\/lt\/wp-json\/wp\/v2\/media?parent=7295"}],"wp:term":[{"taxonomy":"product_brand","embeddable":true,"href":"https:\/\/lightup.lv\/lt\/wp-json\/wp\/v2\/product_brand?post=7295"},{"taxonomy":"product_cat","embeddable":true,"href":"https:\/\/lightup.lv\/lt\/wp-json\/wp\/v2\/product_cat?post=7295"},{"taxonomy":"product_tag","embeddable":true,"href":"https:\/\/lightup.lv\/lt\/wp-json\/wp\/v2\/product_tag?post=7295"}],"curies":[{"name":"wp","href":"https:\/\/api.w.org\/{rel}","templated":true}]}}