{"id":7336,"date":"2021-02-11T10:06:27","date_gmt":"2021-02-11T10:06:27","guid":{"rendered":"https:\/\/lightup.lv\/product\/august-wall\/"},"modified":"2024-02-13T11:14:24","modified_gmt":"2024-02-13T11:14:24","slug":"august-wall","status":"publish","type":"product","link":"https:\/\/lightup.lv\/lt\/precu-katalogs\/august-wall\/","title":{"rendered":"Rugpj\u016b\u010dio siena"},"content":{"rendered":"<p>Matmenys:<br \/>\nSoli\u0146\u0161 2,5-F: 148x56xH45 cm<br \/>\nPanelis W \/ M: 95xH123 cm<br \/>\nPanelis W \/ S: 65xH123 cm<br \/>\n2,5-F + W \/ M + W \/ S: 160x66xH136 cm<br \/>\n5 met\u0173 garantija.<\/p>\n<p>Cena s\u0101kot NO: 1939,63 eiro<br \/>\nKaina priklauso nuo konfig\u016bracijos ir pasirinkto audinio atspalvio.<\/p>\n<p>\u2013 Galimi \u012fvair\u016bs dyd\u017eiai<br \/>\n\u2013 Galimi \u012fvair\u016bs audiniai ir atspalviai<br \/>\n\u2013 Galimi individual\u016bs sprendimai<br \/>\n\u2013 Galimi 3D modeliai<br \/>\nSusisiekite su mumis ir mes jums visk\u0105 i\u0161samiai papasakosime.<\/p>\n<p>ID August Wall<\/p>","protected":false},"excerpt":{"rendered":"<p>Augstas kvalit\u0101tes d\u012bv\u0101nu s\u0113rija ar ska\u0146u absorb\u0113jo\u0161\u0101m \u012bpa\u0161\u012bb\u0101m tika izveidota \u012bpa\u0161i atv\u0113rta pl\u0101nojuma darba videi. D\u012bv\u0101ni ir da\u017e\u0101da platuma un augstuma diapazon\u0101, \u013caujot Jums izveidot br\u012bvi st\u0101vo\u0161as da\u017e\u0101du formu un izm\u0113ru priv\u0101tuma \u201csalas\u201d, kur\u0101s varat r\u012bkot mini san\u0101ksmes, iedzi\u013cin\u0101ties dokumentos vai veikt svar\u012bgus t\u0101lru\u0146a zvanus prom no aiz\u0146emt\u0101k\u0101m darba viet\u0101m.<br \/>\nAsimetri\u0161kos, j\u016bros akmenukus primenan\u010dios nugaros pagalv\u0117l\u0117s sukuria draugi\u0161k\u0105 akcent\u0105. Auk\u0161tos kokyb\u0117s med\u017eiagos u\u017etikrina, kad sofos ilgai tarnaus j\u016bs\u0173 biure.<\/p>","protected":false},"featured_media":7337,"template":"","meta":{"_acf_changed":false},"product_brand":[],"product_cat":[101,113],"product_tag":[114],"class_list":{"0":"post-7336","1":"product","2":"type-product","3":"status-publish","4":"has-post-thumbnail","6":"product_cat-biroja-mebeles","7":"product_cat-uzgaidamie-divani","8":"product_tag-intuit","10":"first","11":"instock","12":"shipping-taxable","13":"purchasable","14":"product-type-simple"},"acf":[],"_links":{"self":[{"href":"https:\/\/lightup.lv\/lt\/wp-json\/wp\/v2\/product\/7336","targetHints":{"allow":["GET"]}}],"collection":[{"href":"https:\/\/lightup.lv\/lt\/wp-json\/wp\/v2\/product"}],"about":[{"href":"https:\/\/lightup.lv\/lt\/wp-json\/wp\/v2\/types\/product"}],"wp:featuredmedia":[{"embeddable":true,"href":"https:\/\/lightup.lv\/lt\/wp-json\/wp\/v2\/media\/7337"}],"wp:attachment":[{"href":"https:\/\/lightup.lv\/lt\/wp-json\/wp\/v2\/media?parent=7336"}],"wp:term":[{"taxonomy":"product_brand","embeddable":true,"href":"https:\/\/lightup.lv\/lt\/wp-json\/wp\/v2\/product_brand?post=7336"},{"taxonomy":"product_cat","embeddable":true,"href":"https:\/\/lightup.lv\/lt\/wp-json\/wp\/v2\/product_cat?post=7336"},{"taxonomy":"product_tag","embeddable":true,"href":"https:\/\/lightup.lv\/lt\/wp-json\/wp\/v2\/product_tag?post=7336"}],"curies":[{"name":"wp","href":"https:\/\/api.w.org\/{rel}","templated":true}]}}