{"id":7413,"date":"2021-02-11T11:31:42","date_gmt":"2021-02-11T11:31:42","guid":{"rendered":"https:\/\/lightup.lv\/product\/sofi-round-pouf\/"},"modified":"2024-02-13T10:56:17","modified_gmt":"2024-02-13T10:56:17","slug":"sofi-round-pouf","status":"publish","type":"product","link":"https:\/\/lightup.lv\/lt\/produktu-katalogas\/sofi-round-pouf\/","title":{"rendered":"SOFI apvalus pufas"},"content":{"rendered":"<p>Izm\u0113rs D90xH40 cm<br \/>\n5 met\u0173 garantija.<\/p>\n<p>Cena s\u0101kot NO: 730,84 eiro<br \/>\nKaina priklauso nuo konfig\u016bracijos ir pasirinkto audinio atspalvio.<\/p>\n<p>\u2013 Galimi \u012fvair\u016bs dyd\u017eiai<br \/>\n\u2013 Galimi \u012fvair\u016bs audiniai ir atspalviai<br \/>\n\u2013 Galimi individual\u016bs sprendimai<br \/>\n\u2013 Galimi 3D modeliai<br \/>\nSusisiekite su mumis ir mes jums visk\u0105 i\u0161samiai papasakosime.<\/p>\n<p>ID SOFI round pouf<\/p>","protected":false},"excerpt":{"rendered":"<p>Sofi s\u0113rija tika veidota t\u0101, lai cilv\u0113ki birojos justos vair\u0101k k\u0101 m\u0101j\u0101s. Stila zi\u0146\u0101 tas ir jautr\u0101k nek\u0101 j\u016bsu biroja m\u0113beles, k\u0101 ar\u012b slaid\u0101kas un pretimn\u0101ko\u0161\u0101ks. K\u0101ju (nevis pamatnes) izmanto\u0161ana rada gan burtisku, gan figur\u0101lu vieglumu un aicina cilv\u0113kus p\u0101rk\u0101rtot pufus apk\u0101rt telpai, lai tie b\u016btu piem\u0113roti sev.<br \/>\nSofi s\u0113rija ir labi piem\u0113rota maz\u0101kiem birojiem, k\u0101 ar\u012b liel\u0101k\u0101m biroju telp\u0101m liel\u0101k\u0101 skait\u0101.<\/p>","protected":false},"featured_media":7414,"template":"","meta":{"_acf_changed":false},"product_brand":[],"product_cat":[101,116],"product_tag":[114],"class_list":{"0":"post-7413","1":"product","2":"type-product","3":"status-publish","4":"has-post-thumbnail","6":"product_cat-biroja-mebeles","7":"product_cat-pufi","8":"product_tag-intuit","10":"first","11":"instock","12":"shipping-taxable","13":"purchasable","14":"product-type-simple"},"acf":[],"_links":{"self":[{"href":"https:\/\/lightup.lv\/lt\/wp-json\/wp\/v2\/product\/7413","targetHints":{"allow":["GET"]}}],"collection":[{"href":"https:\/\/lightup.lv\/lt\/wp-json\/wp\/v2\/product"}],"about":[{"href":"https:\/\/lightup.lv\/lt\/wp-json\/wp\/v2\/types\/product"}],"wp:featuredmedia":[{"embeddable":true,"href":"https:\/\/lightup.lv\/lt\/wp-json\/wp\/v2\/media\/7414"}],"wp:attachment":[{"href":"https:\/\/lightup.lv\/lt\/wp-json\/wp\/v2\/media?parent=7413"}],"wp:term":[{"taxonomy":"product_brand","embeddable":true,"href":"https:\/\/lightup.lv\/lt\/wp-json\/wp\/v2\/product_brand?post=7413"},{"taxonomy":"product_cat","embeddable":true,"href":"https:\/\/lightup.lv\/lt\/wp-json\/wp\/v2\/product_cat?post=7413"},{"taxonomy":"product_tag","embeddable":true,"href":"https:\/\/lightup.lv\/lt\/wp-json\/wp\/v2\/product_tag?post=7413"}],"curies":[{"name":"wp","href":"https:\/\/api.w.org\/{rel}","templated":true}]}}