{"id":7445,"date":"2021-02-15T14:01:18","date_gmt":"2021-02-15T14:01:18","guid":{"rendered":"https:\/\/lightup.lv\/product\/asprey-velvet-1-armchair\/"},"modified":"2024-01-15T13:04:23","modified_gmt":"2024-01-15T13:04:23","slug":"asprey-aksominis-fotelis","status":"publish","type":"product","link":"https:\/\/lightup.lv\/lt\/produktu-katalogas\/asprey-aksominis-fotelis\/","title":{"rendered":"Asprey Velvet 1 fotelis"},"content":{"rendered":"<p>Dekoratyvin\u0117 audinio k\u0117d\u0117 Asprey<br \/>\n\u012evairios spalvos.<br \/>\nDydis:<br \/>\nIlgis 83 cm<br \/>\nPlotis 85 cm<br \/>\nS\u0117dyn\u0117s auk\u0161tis 43 cm<br \/>\nAuk\u0161tis 78 cm<\/p>\n<p>ID ASPREY1VCU68<\/p>","protected":false},"excerpt":{"rendered":"<p>Spalva: {Galimos \u012fvairios spalvos.<br \/>\nSi\u016blome \u012fvairius dizaino gaminius i\u0161 gamintojo \u201eSignal\u201c. Produkt\u0173 asortiment\u0105 sudaro med\u017eiagin\u0117s k\u0117d\u0117s, medin\u0117s k\u0117d\u0117s, metalin\u0117s k\u0117d\u0117s, baro k\u0117d\u0117s, biuro k\u0117d\u0117s, poilsio foteliai, sofos, lovos, spintos, lentynos, komodos, \u017eurnal\u0173 ir kavos staliukai, pakabos, taip pat \u012fvair\u016bs aksesuarai, kurie padarys j\u016bs\u0173 namus gra\u017eesnius ir prakti\u0161kesnius.<\/p>","protected":false},"featured_media":7446,"template":"","meta":{"_acf_changed":false},"product_brand":[],"product_cat":[119,28],"product_tag":[],"class_list":{"0":"post-7445","1":"product","2":"type-product","3":"status-publish","4":"has-post-thumbnail","6":"product_cat-atputas-kresli-kresli","7":"product_cat-kresli","9":"first","10":"instock","11":"sale","12":"shipping-taxable","13":"purchasable","14":"product-type-simple"},"acf":[],"_links":{"self":[{"href":"https:\/\/lightup.lv\/lt\/wp-json\/wp\/v2\/product\/7445","targetHints":{"allow":["GET"]}}],"collection":[{"href":"https:\/\/lightup.lv\/lt\/wp-json\/wp\/v2\/product"}],"about":[{"href":"https:\/\/lightup.lv\/lt\/wp-json\/wp\/v2\/types\/product"}],"wp:featuredmedia":[{"embeddable":true,"href":"https:\/\/lightup.lv\/lt\/wp-json\/wp\/v2\/media\/7446"}],"wp:attachment":[{"href":"https:\/\/lightup.lv\/lt\/wp-json\/wp\/v2\/media?parent=7445"}],"wp:term":[{"taxonomy":"product_brand","embeddable":true,"href":"https:\/\/lightup.lv\/lt\/wp-json\/wp\/v2\/product_brand?post=7445"},{"taxonomy":"product_cat","embeddable":true,"href":"https:\/\/lightup.lv\/lt\/wp-json\/wp\/v2\/product_cat?post=7445"},{"taxonomy":"product_tag","embeddable":true,"href":"https:\/\/lightup.lv\/lt\/wp-json\/wp\/v2\/product_tag?post=7445"}],"curies":[{"name":"wp","href":"https:\/\/api.w.org\/{rel}","templated":true}]}}