{"id":8487,"date":"2021-03-11T10:20:58","date_gmt":"2021-03-11T10:20:58","guid":{"rendered":"https:\/\/lightup.lv\/product\/windi-iekarinams-terases-kresls\/"},"modified":"2024-01-30T07:42:55","modified_gmt":"2024-01-30T07:42:55","slug":"windi-pakabinama-terasos-kede","status":"publish","type":"product","link":"https:\/\/lightup.lv\/lt\/precu-katalogs\/windi-iekarinams-terases-kresls\/","title":{"rendered":"WINDI pakabinama terasos k\u0117d\u0117"},"content":{"rendered":"<p>Spalva: rusvai pilka\/antracito, rusvai pilka\/\u0161viesiai pilka.<br \/>\nS\u0117dyn\u0117s auk\u0161tis: 50 cm<br \/>\nK\u0117d\u0117s plotis: 106 cm<br \/>\nK\u0117d\u0117s auk\u0161tis: 190 cm<\/p>\n<p>Pakabinama k\u0117d\u0117 su aliuminio konstrukcija ir apmu\u0161alais. Nuimamos pagalv\u0117l\u0117s, aptrauktos akriliniu audiniu.<br \/>\nDid\u017eiausias palaikomas svoris 180 kg.<\/p>\n<p>ID WINDONOLO<\/p>","protected":false},"excerpt":{"rendered":"<p>\u201eGrattoni\u201c buvo \u012fkurta 1972 m. San Giovanni al Natisone \u2013 Italijos k\u0117d\u017ei\u0173 rajono \u0161irdyje \u2013 kaip klasikinio dizaino k\u0117d\u017ei\u0173 gamintoja. 2010 m. \u012fmon\u0117 specializavosi komercin\u0117je veikloje, importuodama kokybi\u0161kus terasos baldus. Tarp j\u0173 \u2013 k\u0117d\u0117s, sofos, foteliai, stalai ir stal\u0173 pagrindai, skirti naudoti viduje ir lauke, skirti gyvenamosioms ir svetingumo \u012fmon\u0117ms.<\/p>","protected":false},"featured_media":8488,"template":"","meta":{"_acf_changed":false},"product_brand":[],"product_cat":[80,50],"product_tag":[66],"class_list":{"0":"post-8487","1":"product","2":"type-product","3":"status-publish","4":"has-post-thumbnail","6":"product_cat-atputas-kresli","7":"product_cat-terases-mebeles","8":"product_tag-grattoni","10":"first","11":"instock","12":"shipping-taxable","13":"purchasable","14":"product-type-simple"},"acf":[],"_links":{"self":[{"href":"https:\/\/lightup.lv\/lt\/wp-json\/wp\/v2\/product\/8487","targetHints":{"allow":["GET"]}}],"collection":[{"href":"https:\/\/lightup.lv\/lt\/wp-json\/wp\/v2\/product"}],"about":[{"href":"https:\/\/lightup.lv\/lt\/wp-json\/wp\/v2\/types\/product"}],"wp:featuredmedia":[{"embeddable":true,"href":"https:\/\/lightup.lv\/lt\/wp-json\/wp\/v2\/media\/8488"}],"wp:attachment":[{"href":"https:\/\/lightup.lv\/lt\/wp-json\/wp\/v2\/media?parent=8487"}],"wp:term":[{"taxonomy":"product_brand","embeddable":true,"href":"https:\/\/lightup.lv\/lt\/wp-json\/wp\/v2\/product_brand?post=8487"},{"taxonomy":"product_cat","embeddable":true,"href":"https:\/\/lightup.lv\/lt\/wp-json\/wp\/v2\/product_cat?post=8487"},{"taxonomy":"product_tag","embeddable":true,"href":"https:\/\/lightup.lv\/lt\/wp-json\/wp\/v2\/product_tag?post=8487"}],"curies":[{"name":"wp","href":"https:\/\/api.w.org\/{rel}","templated":true}]}}