{"id":8496,"date":"2021-03-21T12:24:25","date_gmt":"2021-03-21T12:24:25","guid":{"rendered":"https:\/\/lightup.lv\/product\/fiji-kresls-ar-roku-balstiem\/"},"modified":"2024-01-30T07:41:48","modified_gmt":"2024-01-30T07:41:48","slug":"fiji-kresls-ar-roku-balstiem","status":"publish","type":"product","link":"https:\/\/lightup.lv\/lt\/produktu-katalogas\/fiji-kresls-ar-roku-balstiem\/","title":{"rendered":"FIJI k\u0117d\u0117 su porankiais"},"content":{"rendered":"<p>Kr\u0101sa : Balts\/Gai\u0161i pel\u0113ks, Antrac\u012bts\/Tum\u0161i pel\u0113ks<br \/>\nS\u0113des augstums : 40 cm<br \/>\nKr\u0113sla platums : 80 cm<br \/>\nKr\u0113sla augstums : 105 cm<\/p>\n<p>FIJI kr\u0113sls ar roku balstiem, alum\u012bnija r\u0101mis, m\u012bkst\u0101 auduma s\u0113de.<\/p>\n<p>ID FIJIPOLTRONA<\/p>","protected":false},"excerpt":{"rendered":"<p>\u201eGrattoni\u201c buvo \u012fkurta 1972 m. San Giovanni al Natisone \u2013 Italijos k\u0117d\u017ei\u0173 rajono \u0161irdyje \u2013 kaip klasikinio dizaino k\u0117d\u017ei\u0173 gamintoja. 2010 m. \u012fmon\u0117 specializavosi komercin\u0117je veikloje, importuodama kokybi\u0161kus terasos baldus. Tarp j\u0173 \u2013 k\u0117d\u0117s, sofos, foteliai, stalai ir stal\u0173 pagrindai, skirti naudoti viduje ir lauke, skirti gyvenamosioms ir svetingumo \u012fmon\u0117ms.<\/p>","protected":false},"featured_media":8497,"template":"","meta":{"_acf_changed":false},"product_brand":[],"product_cat":[51,50],"product_tag":[66],"class_list":{"0":"post-8496","1":"product","2":"type-product","3":"status-publish","4":"has-post-thumbnail","6":"product_cat-kresli-terases-mebeles","7":"product_cat-terases-mebeles","8":"product_tag-grattoni","10":"first","11":"instock","12":"shipping-taxable","13":"purchasable","14":"product-type-simple"},"acf":[],"_links":{"self":[{"href":"https:\/\/lightup.lv\/lt\/wp-json\/wp\/v2\/product\/8496","targetHints":{"allow":["GET"]}}],"collection":[{"href":"https:\/\/lightup.lv\/lt\/wp-json\/wp\/v2\/product"}],"about":[{"href":"https:\/\/lightup.lv\/lt\/wp-json\/wp\/v2\/types\/product"}],"wp:featuredmedia":[{"embeddable":true,"href":"https:\/\/lightup.lv\/lt\/wp-json\/wp\/v2\/media\/8497"}],"wp:attachment":[{"href":"https:\/\/lightup.lv\/lt\/wp-json\/wp\/v2\/media?parent=8496"}],"wp:term":[{"taxonomy":"product_brand","embeddable":true,"href":"https:\/\/lightup.lv\/lt\/wp-json\/wp\/v2\/product_brand?post=8496"},{"taxonomy":"product_cat","embeddable":true,"href":"https:\/\/lightup.lv\/lt\/wp-json\/wp\/v2\/product_cat?post=8496"},{"taxonomy":"product_tag","embeddable":true,"href":"https:\/\/lightup.lv\/lt\/wp-json\/wp\/v2\/product_tag?post=8496"}],"curies":[{"name":"wp","href":"https:\/\/api.w.org\/{rel}","templated":true}]}}