{"id":8539,"date":"2021-03-23T09:34:15","date_gmt":"2021-03-23T09:34:15","guid":{"rendered":"https:\/\/lightup.lv\/product\/cannes-kresls-ar-roku-balstiem-pits\/"},"modified":"2024-07-10T09:08:15","modified_gmt":"2024-07-10T07:08:15","slug":"cannes-kresls-ar-roku-balstiem-pits","status":"publish","type":"product","link":"https:\/\/lightup.lv\/lt\/precu-katalogs\/cannes-kresls-ar-roku-balstiem-pits\/","title":{"rendered":"CANNES k\u0117d\u0117 su porankiais, tekstilenas"},"content":{"rendered":"<p>Kr\u0101sa : Antrac\u012bts\/Taupe, Melns\/Tum\u0161i za\u013c\u0161<br \/>\nS\u0117dyn\u0117s auk\u0161tis: 45 cm<br \/>\nK\u0117d\u0117s plotis: 60 cm<br \/>\nK\u0117d\u0117s auk\u0161tis: 79 cm<br \/>\nCinkots t\u0113rauda r\u0101mis, stingra tekstil\u0113na <span class=\"HwtZe\" lang=\"lv\"><span class=\"jCAhz JxVs2d ChMk0b\"><span class=\"ryNqvb\">virves un polietil\u0113na <\/span><\/span><\/span>s\u0113\u017eam\u0101 da\u013ca un atzveltne.<\/p>\n<p>ID CANNESPOLTRONCINA<\/p>","protected":false},"excerpt":{"rendered":"<p>\u201eGrattoni\u201c buvo \u012fkurta 1972 m. San Giovanni al Natisone \u2013 Italijos k\u0117d\u017ei\u0173 rajono \u0161irdyje \u2013 kaip klasikinio dizaino k\u0117d\u017ei\u0173 gamintoja. 2010 m. \u012fmon\u0117 specializavosi komercin\u0117je veikloje, importuodama kokybi\u0161kus terasos baldus. Tarp j\u0173 \u2013 k\u0117d\u0117s, sofos, foteliai, stalai ir stal\u0173 pagrindai, skirti naudoti viduje ir lauke, skirti gyvenamosioms ir svetingumo \u012fmon\u0117ms.<\/p>","protected":false},"featured_media":34034,"template":"","meta":{"_acf_changed":false},"product_brand":[],"product_cat":[51,213,50],"product_tag":[66],"class_list":{"0":"post-8539","1":"product","2":"type-product","3":"status-publish","4":"has-post-thumbnail","6":"product_cat-kresli-terases-mebeles","7":"product_cat-salona-pieejams","8":"product_cat-terases-mebeles","9":"product_tag-grattoni","11":"first","12":"instock","13":"shipping-taxable","14":"purchasable","15":"product-type-simple"},"acf":[],"_links":{"self":[{"href":"https:\/\/lightup.lv\/lt\/wp-json\/wp\/v2\/product\/8539","targetHints":{"allow":["GET"]}}],"collection":[{"href":"https:\/\/lightup.lv\/lt\/wp-json\/wp\/v2\/product"}],"about":[{"href":"https:\/\/lightup.lv\/lt\/wp-json\/wp\/v2\/types\/product"}],"wp:featuredmedia":[{"embeddable":true,"href":"https:\/\/lightup.lv\/lt\/wp-json\/wp\/v2\/media\/34034"}],"wp:attachment":[{"href":"https:\/\/lightup.lv\/lt\/wp-json\/wp\/v2\/media?parent=8539"}],"wp:term":[{"taxonomy":"product_brand","embeddable":true,"href":"https:\/\/lightup.lv\/lt\/wp-json\/wp\/v2\/product_brand?post=8539"},{"taxonomy":"product_cat","embeddable":true,"href":"https:\/\/lightup.lv\/lt\/wp-json\/wp\/v2\/product_cat?post=8539"},{"taxonomy":"product_tag","embeddable":true,"href":"https:\/\/lightup.lv\/lt\/wp-json\/wp\/v2\/product_tag?post=8539"}],"curies":[{"name":"wp","href":"https:\/\/api.w.org\/{rel}","templated":true}]}}