{"id":8563,"date":"2021-03-25T14:10:06","date_gmt":"2021-03-25T14:10:06","guid":{"rendered":"https:\/\/lightup.lv\/product\/tahiti-terases-bara-kresls\/"},"modified":"2024-01-30T07:26:51","modified_gmt":"2024-01-30T07:26:51","slug":"tahiti-terases-bara-kresls","status":"publish","type":"product","link":"https:\/\/lightup.lv\/lt\/precu-katalogs\/tahiti-terases-bara-kresls\/","title":{"rendered":"TAHITI terasos baro k\u0117d\u0117"},"content":{"rendered":"<p>Kr\u0101sa : melns\/tum\u0161i br\u016bns, taupe\/pel\u0113ks<br \/>\nS\u0113des augstums : 74 cm<br \/>\nKr\u0113sla platums : 56 cm<br \/>\nKr\u0113sla augstums : 104 cm<\/p>\n<p>\u0100ra terases b\u0101ra kr\u0113sls, sakraujamais. Poliestera \/ poliolef\u012bna \u0161\u0137iedras virves audums.<\/p>\n<p>ID TAHITISGABELLO<\/p>","protected":false},"excerpt":{"rendered":"<p>\u201eGrattoni\u201c buvo \u012fkurta 1972 m. San Giovanni al Natisone \u2013 Italijos k\u0117d\u017ei\u0173 rajono \u0161irdyje \u2013 kaip klasikinio dizaino k\u0117d\u017ei\u0173 gamintoja. 2010 m. \u012fmon\u0117 specializavosi komercin\u0117je veikloje, importuodama kokybi\u0161kus terasos baldus. Tarp j\u0173 \u2013 k\u0117d\u0117s, sofos, foteliai, stalai ir stal\u0173 pagrindai, skirti naudoti viduje ir lauke, skirti gyvenamosioms ir svetingumo \u012fmon\u0117ms.<\/p>","protected":false},"featured_media":8564,"template":"","meta":{"_acf_changed":false},"product_brand":[],"product_cat":[122,50],"product_tag":[66],"class_list":{"0":"post-8563","1":"product","2":"type-product","3":"status-publish","4":"has-post-thumbnail","6":"product_cat-terases-bara-kresli","7":"product_cat-terases-mebeles","8":"product_tag-grattoni","10":"first","11":"instock","12":"shipping-taxable","13":"purchasable","14":"product-type-simple"},"acf":[],"_links":{"self":[{"href":"https:\/\/lightup.lv\/lt\/wp-json\/wp\/v2\/product\/8563","targetHints":{"allow":["GET"]}}],"collection":[{"href":"https:\/\/lightup.lv\/lt\/wp-json\/wp\/v2\/product"}],"about":[{"href":"https:\/\/lightup.lv\/lt\/wp-json\/wp\/v2\/types\/product"}],"wp:featuredmedia":[{"embeddable":true,"href":"https:\/\/lightup.lv\/lt\/wp-json\/wp\/v2\/media\/8564"}],"wp:attachment":[{"href":"https:\/\/lightup.lv\/lt\/wp-json\/wp\/v2\/media?parent=8563"}],"wp:term":[{"taxonomy":"product_brand","embeddable":true,"href":"https:\/\/lightup.lv\/lt\/wp-json\/wp\/v2\/product_brand?post=8563"},{"taxonomy":"product_cat","embeddable":true,"href":"https:\/\/lightup.lv\/lt\/wp-json\/wp\/v2\/product_cat?post=8563"},{"taxonomy":"product_tag","embeddable":true,"href":"https:\/\/lightup.lv\/lt\/wp-json\/wp\/v2\/product_tag?post=8563"}],"curies":[{"name":"wp","href":"https:\/\/api.w.org\/{rel}","templated":true}]}}