{"id":8616,"date":"2021-03-26T11:25:48","date_gmt":"2021-03-26T11:25:48","guid":{"rendered":"https:\/\/lightup.lv\/product\/kos-2-terases-komplekts\/"},"modified":"2024-01-30T07:18:21","modified_gmt":"2024-01-30T07:18:21","slug":"kos-2-terases-komplekts","status":"publish","type":"product","link":"https:\/\/lightup.lv\/lt\/produktu-katalogas\/kos-2-terases-komplekts\/","title":{"rendered":"KOS\/2SET terasos komplektas"},"content":{"rendered":"<p>KOS terases komplekts \/ iesp\u0113jams pas\u016bt\u012bt katru produktu atsevi\u0161\u0137i<br \/>\nKr\u0101sas : Antrac\u012bts\/pel\u0113ks<\/p>\n<p>KOS terases m\u0113be\u013cu komplekts, alum\u012bnija r\u0101mis, mitrumiztur\u012bg\u0101 auduma s\u0113de un spilveni, kr\u0113sla muguras balsts veidots no p\u012btas virves.<\/p>\n<p>Atp\u016btas kr\u0113sls: 713,90 euro<br \/>\nS\u0113des augstums : 40 cm<br \/>\nKr\u0113sla platums : 72 cm<br \/>\nKr\u0113sla augstums : 74 cm<\/p>\n<p>D\u012bv\u0101ns : 1089 euro<br \/>\nS\u0113des augstums : 40 cm<br \/>\nPlatums : 132 cm<br \/>\nAugstums : 74 cm<\/p>\n<p>Galdi\u0146\u0161: 302,50 euro<br \/>\nAugstums: 34 cm<br \/>\nGarums: 110 cm<br \/>\nPlatums: 60 cm<\/p>\n<p>ID KOS\/2SET<\/p>","protected":false},"excerpt":{"rendered":"<p>\u201eGrattoni\u201c buvo \u012fkurta 1972 m. San Giovanni al Natisone \u2013 Italijos k\u0117d\u017ei\u0173 rajono \u0161irdyje \u2013 kaip klasikinio dizaino k\u0117d\u017ei\u0173 gamintoja. 2010 m. \u012fmon\u0117 specializavosi komercin\u0117je veikloje, importuodama kokybi\u0161kus terasos baldus. Tarp j\u0173 \u2013 k\u0117d\u0117s, sofos, foteliai, stalai ir stal\u0173 pagrindai, skirti naudoti viduje ir lauke, skirti gyvenamosioms ir svetingumo \u012fmon\u0117ms.<\/p>","protected":false},"featured_media":8617,"template":"","meta":{"_acf_changed":false},"product_brand":[],"product_cat":[73,50],"product_tag":[66],"class_list":{"0":"post-8616","1":"product","2":"type-product","3":"status-publish","4":"has-post-thumbnail","6":"product_cat-divani-terases","7":"product_cat-terases-mebeles","8":"product_tag-grattoni","10":"first","11":"instock","12":"shipping-taxable","13":"purchasable","14":"product-type-simple"},"acf":[],"_links":{"self":[{"href":"https:\/\/lightup.lv\/lt\/wp-json\/wp\/v2\/product\/8616","targetHints":{"allow":["GET"]}}],"collection":[{"href":"https:\/\/lightup.lv\/lt\/wp-json\/wp\/v2\/product"}],"about":[{"href":"https:\/\/lightup.lv\/lt\/wp-json\/wp\/v2\/types\/product"}],"wp:featuredmedia":[{"embeddable":true,"href":"https:\/\/lightup.lv\/lt\/wp-json\/wp\/v2\/media\/8617"}],"wp:attachment":[{"href":"https:\/\/lightup.lv\/lt\/wp-json\/wp\/v2\/media?parent=8616"}],"wp:term":[{"taxonomy":"product_brand","embeddable":true,"href":"https:\/\/lightup.lv\/lt\/wp-json\/wp\/v2\/product_brand?post=8616"},{"taxonomy":"product_cat","embeddable":true,"href":"https:\/\/lightup.lv\/lt\/wp-json\/wp\/v2\/product_cat?post=8616"},{"taxonomy":"product_tag","embeddable":true,"href":"https:\/\/lightup.lv\/lt\/wp-json\/wp\/v2\/product_tag?post=8616"}],"curies":[{"name":"wp","href":"https:\/\/api.w.org\/{rel}","templated":true}]}}