{"id":8628,"date":"2021-03-30T06:07:33","date_gmt":"2021-03-30T06:07:33","guid":{"rendered":"https:\/\/lightup.lv\/product\/minorca-terases-komplekts\/"},"modified":"2024-01-29T18:06:35","modified_gmt":"2024-01-29T18:06:35","slug":"minorca-terases-komplekts","status":"publish","type":"product","link":"https:\/\/lightup.lv\/lt\/produktu-katalogas\/minorca-terases-komplekts\/","title":{"rendered":"MINORCA terasos komplektas"},"content":{"rendered":"<p>MINORCA terases komplekts \/ iesp\u0113jams pas\u016bt\u012bt katru produktu atsevi\u0161\u0137i<br \/>\nKr\u0101sas : Balts\/taupe<br \/>\nKomplekts sast\u0101v no 2 atp\u016btas kr\u0113sliem, d\u012bv\u0101na un \u017eurn\u0101lu galdi\u0146a ar stikla virsmu.<\/p>\n<p>MINORCA terases m\u0113be\u013cu komplekts, alum\u012bnija r\u0101mis, mitrumiztur\u012bg\u0101 auduma s\u0113de un spilveni, kr\u0113sla muguras balsts veidots no virves.<\/p>\n<p>Atp\u016btas kr\u0113sls: 726 euro<br \/>\nS\u0113des augstums : 40 cm<br \/>\nKr\u0113sla platums : 75 cm<br \/>\nKr\u0113sla augstums : 72 cm<\/p>\n<p>D\u012bv\u0101ns : 1270,50 euro<br \/>\nS\u0113des augstums : 40 cm<br \/>\nPlatums : 155 cm<br \/>\nAugstums : 72 cm<\/p>\n<p>Galdi\u0146\u0161: 242 euro<br \/>\nAugstums: 40 cm<br \/>\nGarums: 100 cm<br \/>\nPlatums: 60 cm<\/p>\n<p>ID MINORCASET<\/p>","protected":false},"excerpt":{"rendered":"<p>\u201eGrattoni\u201c buvo \u012fkurta 1972 m. San Giovanni al Natisone \u2013 Italijos k\u0117d\u017ei\u0173 rajono \u0161irdyje \u2013 kaip klasikinio dizaino k\u0117d\u017ei\u0173 gamintoja. 2010 m. \u012fmon\u0117 specializavosi komercin\u0117je veikloje, importuodama kokybi\u0161kus terasos baldus. Tarp j\u0173 \u2013 k\u0117d\u0117s, sofos, foteliai, stalai ir stal\u0173 pagrindai, skirti naudoti viduje ir lauke, skirti gyvenamosioms ir svetingumo \u012fmon\u0117ms.<\/p>","protected":false},"featured_media":8629,"template":"","meta":{"_acf_changed":false},"product_brand":[],"product_cat":[73,50],"product_tag":[66],"class_list":{"0":"post-8628","1":"product","2":"type-product","3":"status-publish","4":"has-post-thumbnail","6":"product_cat-divani-terases","7":"product_cat-terases-mebeles","8":"product_tag-grattoni","10":"first","11":"instock","12":"shipping-taxable","13":"purchasable","14":"product-type-simple"},"acf":[],"_links":{"self":[{"href":"https:\/\/lightup.lv\/lt\/wp-json\/wp\/v2\/product\/8628","targetHints":{"allow":["GET"]}}],"collection":[{"href":"https:\/\/lightup.lv\/lt\/wp-json\/wp\/v2\/product"}],"about":[{"href":"https:\/\/lightup.lv\/lt\/wp-json\/wp\/v2\/types\/product"}],"wp:featuredmedia":[{"embeddable":true,"href":"https:\/\/lightup.lv\/lt\/wp-json\/wp\/v2\/media\/8629"}],"wp:attachment":[{"href":"https:\/\/lightup.lv\/lt\/wp-json\/wp\/v2\/media?parent=8628"}],"wp:term":[{"taxonomy":"product_brand","embeddable":true,"href":"https:\/\/lightup.lv\/lt\/wp-json\/wp\/v2\/product_brand?post=8628"},{"taxonomy":"product_cat","embeddable":true,"href":"https:\/\/lightup.lv\/lt\/wp-json\/wp\/v2\/product_cat?post=8628"},{"taxonomy":"product_tag","embeddable":true,"href":"https:\/\/lightup.lv\/lt\/wp-json\/wp\/v2\/product_tag?post=8628"}],"curies":[{"name":"wp","href":"https:\/\/api.w.org\/{rel}","templated":true}]}}