{"id":8646,"date":"2021-03-30T08:41:36","date_gmt":"2021-03-30T08:41:36","guid":{"rendered":"https:\/\/lightup.lv\/product\/ivory-terases-komplekts\/"},"modified":"2024-01-29T18:00:52","modified_gmt":"2024-01-29T18:00:52","slug":"ivory-terases-komplekts","status":"publish","type":"product","link":"https:\/\/lightup.lv\/lt\/produktu-katalogas\/ivory-terases-komplekts\/","title":{"rendered":"IVORY terasos komplektas"},"content":{"rendered":"<p>IVORY terases komplekts \/ iesp\u0113jams pas\u016bt\u012bt katru produktu atsevi\u0161\u0137i<br \/>\nKr\u0101sas : Balts\/gai\u0161i pel\u0113ks<br \/>\nKomplekts sast\u0101v no 2 d\u012bv\u0101niem, viena vid\u0113ja d\u012bv\u0101na, st\u016bra un \u017eurn\u0101lu galdi\u0146a.<\/p>\n<p>IVORY terases m\u0113be\u013cu komplekts, alum\u012bnija un t\u012bkkoka r\u0101mis, mitrumiztur\u012bg\u0101 auduma s\u0113de.<\/p>\n<p>D\u012bv\u0101ns: 2420 euro<br \/>\nS\u0113des augstums : 36 cm<br \/>\nKr\u0113sla platums : 160 cm<br \/>\nKr\u0113sla augstums : 67 cm<\/p>\n<p>Vid\u0113js d\u012bv\u0101ns : 1343,10 euro<br \/>\nS\u0113des augstums : 36 cm<br \/>\nPlatums : 70 cm<br \/>\nAugstums : 67 cm<\/p>\n<p>St\u016bris : 1573 euro<br \/>\nS\u0113des augstums : 36 cm<br \/>\nPlatums : 85 cm<br \/>\nAugstums : 67 cm<\/p>\n<p>Galdi\u0146\u0161: 1016,40 euro<br \/>\nAugstums: 17 cm<br \/>\nGarums: 120 cm<br \/>\nPlatums: 60 cm<\/p>\n<p>ID IVORYSET<\/p>","protected":false},"excerpt":{"rendered":"<p>\u201eGrattoni\u201c buvo \u012fkurta 1972 m. San Giovanni al Natisone \u2013 Italijos k\u0117d\u017ei\u0173 rajono \u0161irdyje \u2013 kaip klasikinio dizaino k\u0117d\u017ei\u0173 gamintoja. 2010 m. \u012fmon\u0117 specializavosi komercin\u0117je veikloje, importuodama kokybi\u0161kus terasos baldus. Tarp j\u0173 \u2013 k\u0117d\u0117s, sofos, foteliai, stalai ir stal\u0173 pagrindai, skirti naudoti viduje ir lauke, skirti gyvenamosioms ir svetingumo \u012fmon\u0117ms.<\/p>","protected":false},"featured_media":8647,"template":"","meta":{"_acf_changed":false},"product_brand":[],"product_cat":[73,50],"product_tag":[66],"class_list":{"0":"post-8646","1":"product","2":"type-product","3":"status-publish","4":"has-post-thumbnail","6":"product_cat-divani-terases","7":"product_cat-terases-mebeles","8":"product_tag-grattoni","10":"first","11":"instock","12":"shipping-taxable","13":"purchasable","14":"product-type-simple"},"acf":[],"_links":{"self":[{"href":"https:\/\/lightup.lv\/lt\/wp-json\/wp\/v2\/product\/8646","targetHints":{"allow":["GET"]}}],"collection":[{"href":"https:\/\/lightup.lv\/lt\/wp-json\/wp\/v2\/product"}],"about":[{"href":"https:\/\/lightup.lv\/lt\/wp-json\/wp\/v2\/types\/product"}],"wp:featuredmedia":[{"embeddable":true,"href":"https:\/\/lightup.lv\/lt\/wp-json\/wp\/v2\/media\/8647"}],"wp:attachment":[{"href":"https:\/\/lightup.lv\/lt\/wp-json\/wp\/v2\/media?parent=8646"}],"wp:term":[{"taxonomy":"product_brand","embeddable":true,"href":"https:\/\/lightup.lv\/lt\/wp-json\/wp\/v2\/product_brand?post=8646"},{"taxonomy":"product_cat","embeddable":true,"href":"https:\/\/lightup.lv\/lt\/wp-json\/wp\/v2\/product_cat?post=8646"},{"taxonomy":"product_tag","embeddable":true,"href":"https:\/\/lightup.lv\/lt\/wp-json\/wp\/v2\/product_tag?post=8646"}],"curies":[{"name":"wp","href":"https:\/\/api.w.org\/{rel}","templated":true}]}}