{"id":8678,"date":"2021-04-01T07:26:44","date_gmt":"2021-04-01T07:26:44","guid":{"rendered":"https:\/\/lightup.lv\/product\/panama-saulosanas-kresls-gulta\/"},"modified":"2024-01-29T17:47:06","modified_gmt":"2024-01-29T17:47:06","slug":"panamos-saules-gultas-lova","status":"publish","type":"product","link":"https:\/\/lightup.lv\/lt\/produktu-katalogas\/panamos-saules-gultas-lova\/","title":{"rendered":"PANAMA saul\u0117s gultas\/lova"},"content":{"rendered":"<p>Aliuminio saul\u0117s gultas, aptrauktas tekstilenu ir gumine virve. \u010ciu\u017einys pamink\u0161tintas vandeniui atspariu audiniu.<br \/>\nTinka naudoti lauke.<br \/>\nSpalvos: juoda\/sm\u0117lin\u0117, antracito\/ruda, balta\/sm\u0117lin\u0117<\/p>\n<p>Matmenys:<br \/>\nAuk\u0161tis: 74 cm<br \/>\nS\u0117dyn\u0117s auk\u0161tis: 40 cm<br \/>\nIlgis: 156 cm<br \/>\nPlotis: 160 cm<\/p>\n<p>ID PANAMADAYBED<\/p>","protected":false},"excerpt":{"rendered":"<p>\u201eGrattoni\u201c buvo \u012fkurta 1972 m. San Giovanni al Natisone \u2013 Italijos k\u0117d\u017ei\u0173 rajono \u0161irdyje \u2013 kaip klasikinio dizaino k\u0117d\u017ei\u0173 gamintoja. 2010 m. \u012fmon\u0117 specializavosi komercin\u0117je veikloje, importuodama kokybi\u0161kus terasos baldus. Tarp j\u0173 \u2013 k\u0117d\u0117s, sofos, foteliai, stalai ir stal\u0173 pagrindai, skirti naudoti viduje ir lauke, skirti gyvenamosioms ir svetingumo \u012fmon\u0117ms.<\/p>","protected":false},"featured_media":8679,"template":"","meta":{"_acf_changed":false},"product_brand":[],"product_cat":[73,50],"product_tag":[66],"class_list":{"0":"post-8678","1":"product","2":"type-product","3":"status-publish","4":"has-post-thumbnail","6":"product_cat-divani-terases","7":"product_cat-terases-mebeles","8":"product_tag-grattoni","10":"first","11":"instock","12":"shipping-taxable","13":"purchasable","14":"product-type-simple"},"acf":[],"_links":{"self":[{"href":"https:\/\/lightup.lv\/lt\/wp-json\/wp\/v2\/product\/8678","targetHints":{"allow":["GET"]}}],"collection":[{"href":"https:\/\/lightup.lv\/lt\/wp-json\/wp\/v2\/product"}],"about":[{"href":"https:\/\/lightup.lv\/lt\/wp-json\/wp\/v2\/types\/product"}],"wp:featuredmedia":[{"embeddable":true,"href":"https:\/\/lightup.lv\/lt\/wp-json\/wp\/v2\/media\/8679"}],"wp:attachment":[{"href":"https:\/\/lightup.lv\/lt\/wp-json\/wp\/v2\/media?parent=8678"}],"wp:term":[{"taxonomy":"product_brand","embeddable":true,"href":"https:\/\/lightup.lv\/lt\/wp-json\/wp\/v2\/product_brand?post=8678"},{"taxonomy":"product_cat","embeddable":true,"href":"https:\/\/lightup.lv\/lt\/wp-json\/wp\/v2\/product_cat?post=8678"},{"taxonomy":"product_tag","embeddable":true,"href":"https:\/\/lightup.lv\/lt\/wp-json\/wp\/v2\/product_tag?post=8678"}],"curies":[{"name":"wp","href":"https:\/\/api.w.org\/{rel}","templated":true}]}}