{"id":8709,"date":"2021-04-01T08:00:36","date_gmt":"2021-04-01T08:00:36","guid":{"rendered":"https:\/\/lightup.lv\/product\/bite-d-saulosanas-kresls-gulta\/"},"modified":"2024-01-29T17:44:21","modified_gmt":"2024-01-29T17:44:21","slug":"bite-d-saulosanas-kresls-gulta","status":"publish","type":"product","link":"https:\/\/lightup.lv\/lt\/produktu-katalogas\/bite-d-saulosanas-kresls-gulta\/","title":{"rendered":"BITE\/D saul\u0117s gultas\/lova"},"content":{"rendered":"<p>Alum\u012bnija divk\u0101r\u0161s sau\u013co\u0161an\u0101s\/atp\u016btas kr\u0113sls. Matracis polster\u0113ts, \u016bdensiztur\u012bgs audums.<br \/>\nTinka naudoti lauke.<br \/>\nKr\u0101sas : Balts\/gai\u0161i pel\u0113ks, anrac\u012bts\/flanelle<\/p>\n<p>Matmenys:<br \/>\nAuk\u0161tis: 80 cm<br \/>\nS\u0113des augstums: 38 cm<br \/>\nGarums: 203 cm<br \/>\nPlatums: 144 cm<\/p>\n<p>ID BITE\/DLETTINO<\/p>","protected":false},"excerpt":{"rendered":"<p>\u201eGrattoni\u201c buvo \u012fkurta 1972 m. San Giovanni al Natisone \u2013 Italijos k\u0117d\u017ei\u0173 rajono \u0161irdyje \u2013 kaip klasikinio dizaino k\u0117d\u017ei\u0173 gamintoja. 2010 m. \u012fmon\u0117 specializavosi komercin\u0117je veikloje, importuodama kokybi\u0161kus terasos baldus. Tarp j\u0173 \u2013 k\u0117d\u0117s, sofos, foteliai, stalai ir stal\u0173 pagrindai, skirti naudoti viduje ir lauke, skirti gyvenamosioms ir svetingumo \u012fmon\u0117ms.<\/p>","protected":false},"featured_media":8710,"template":"","meta":{"_acf_changed":false},"product_brand":[],"product_cat":[73,50],"product_tag":[66],"class_list":{"0":"post-8709","1":"product","2":"type-product","3":"status-publish","4":"has-post-thumbnail","6":"product_cat-divani-terases","7":"product_cat-terases-mebeles","8":"product_tag-grattoni","10":"first","11":"instock","12":"shipping-taxable","13":"purchasable","14":"product-type-simple"},"acf":[],"_links":{"self":[{"href":"https:\/\/lightup.lv\/lt\/wp-json\/wp\/v2\/product\/8709","targetHints":{"allow":["GET"]}}],"collection":[{"href":"https:\/\/lightup.lv\/lt\/wp-json\/wp\/v2\/product"}],"about":[{"href":"https:\/\/lightup.lv\/lt\/wp-json\/wp\/v2\/types\/product"}],"wp:featuredmedia":[{"embeddable":true,"href":"https:\/\/lightup.lv\/lt\/wp-json\/wp\/v2\/media\/8710"}],"wp:attachment":[{"href":"https:\/\/lightup.lv\/lt\/wp-json\/wp\/v2\/media?parent=8709"}],"wp:term":[{"taxonomy":"product_brand","embeddable":true,"href":"https:\/\/lightup.lv\/lt\/wp-json\/wp\/v2\/product_brand?post=8709"},{"taxonomy":"product_cat","embeddable":true,"href":"https:\/\/lightup.lv\/lt\/wp-json\/wp\/v2\/product_cat?post=8709"},{"taxonomy":"product_tag","embeddable":true,"href":"https:\/\/lightup.lv\/lt\/wp-json\/wp\/v2\/product_tag?post=8709"}],"curies":[{"name":"wp","href":"https:\/\/api.w.org\/{rel}","templated":true}]}}