{"id":9360,"date":"2021-11-11T11:24:10","date_gmt":"2021-11-11T11:24:10","guid":{"rendered":"https:\/\/lightup.lv\/product\/iebuvejams-swap-7w-led-940lm-3000k-square\/"},"modified":"2024-01-15T13:30:07","modified_gmt":"2024-01-15T13:30:07","slug":"iebuvejams-swap-7w-led-940lm-3000k-square","status":"publish","type":"product","link":"https:\/\/lightup.lv\/lt\/produktu-katalogas\/iebuvejams-swap-7w-led-940lm-3000k-square\/","title":{"rendered":"Ieb\u016bv\u0113jams Swap 7W LED 940lm 3000K Square"},"content":{"rendered":"<p>\u012eleid\u017eiamas \u0161viestuvas:<\/p>\n<p>Pieejamas da\u017e\u0101da skr\u0101sas Matt white \/ White-Black \/ Matt black \/ Aluminium \/ Red \/ Gold<br \/>\nPieejams da\u017e\u0101d\u0101s konfigur\u0101cij\u0101s &#8211; 5 W \/ 6 W \/ 7 W , 2700K \/ 3000K \/ 4000K \/<\/p>\n<p> ID A2543211N<\/p>","protected":false},"excerpt":{"rendered":"<p>L\/W: 92-105 mm H:96-106 mm<br \/>\n7W LED 910lm<\/p>","protected":false},"featured_media":9361,"template":"","meta":{"_acf_changed":false},"product_brand":[],"product_cat":[42,86],"product_tag":[],"class_list":{"0":"post-9360","1":"product","2":"type-product","3":"status-publish","4":"has-post-thumbnail","6":"product_cat-apgaismojums","7":"product_cat-iebuvejamas-lampas","9":"first","10":"instock","11":"shipping-taxable","12":"purchasable","13":"product-type-simple"},"acf":[],"_links":{"self":[{"href":"https:\/\/lightup.lv\/lt\/wp-json\/wp\/v2\/product\/9360","targetHints":{"allow":["GET"]}}],"collection":[{"href":"https:\/\/lightup.lv\/lt\/wp-json\/wp\/v2\/product"}],"about":[{"href":"https:\/\/lightup.lv\/lt\/wp-json\/wp\/v2\/types\/product"}],"wp:featuredmedia":[{"embeddable":true,"href":"https:\/\/lightup.lv\/lt\/wp-json\/wp\/v2\/media\/9361"}],"wp:attachment":[{"href":"https:\/\/lightup.lv\/lt\/wp-json\/wp\/v2\/media?parent=9360"}],"wp:term":[{"taxonomy":"product_brand","embeddable":true,"href":"https:\/\/lightup.lv\/lt\/wp-json\/wp\/v2\/product_brand?post=9360"},{"taxonomy":"product_cat","embeddable":true,"href":"https:\/\/lightup.lv\/lt\/wp-json\/wp\/v2\/product_cat?post=9360"},{"taxonomy":"product_tag","embeddable":true,"href":"https:\/\/lightup.lv\/lt\/wp-json\/wp\/v2\/product_tag?post=9360"}],"curies":[{"name":"wp","href":"https:\/\/api.w.org\/{rel}","templated":true}]}}