{"id":9416,"date":"2021-11-11T13:29:11","date_gmt":"2021-11-11T13:29:11","guid":{"rendered":"https:\/\/lightup.lv\/product\/iebuvejams-shot-light-2-1-w-led-210lm-3000k\/"},"modified":"2024-01-29T13:01:00","modified_gmt":"2024-01-29T13:01:00","slug":"ileidziamas-sviestuvas-2-x-1-w-led-210-lm-3000-k","status":"publish","type":"product","link":"https:\/\/lightup.lv\/lt\/produktu-katalogas\/ileidziamas-sviestuvas-2-x-1-w-led-210-lm-3000-k\/","title":{"rendered":"\u012eleid\u017eiamas SHOT \u0161viestuvas 2,1 W LED 210 lm 3000 K"},"content":{"rendered":"<p>\u012eleid\u017eiamas \u0161viestuvas:<\/p>\n<p>Galimos \u012fvairios spalvos: balta \/ balta-juoda \/ juoda \/ aliuminio \/ raudona \/ auksin\u0117 \/ juoda-metalizuota auksin\u0117 \/ balta-metalizuota auksin\u0117<br \/>\nGalima rinktis i\u0161 skirting\u0173 konfig\u016bracij\u0173 \u2013 190 Lm \/ 210 Lm \/ 250 Lm, 2700K \/ 3000K \/ 4000K<\/p>\n<p>ID A2680121W<\/p>","protected":false},"excerpt":{"rendered":"<p>Gylis: 43 mm, auk\u0161tis: 49 mm<br \/>\n2,1 W LED 210 lm 3000 K<\/p>","protected":false},"featured_media":9417,"template":"","meta":{"_acf_changed":false},"product_brand":[],"product_cat":[42,86],"product_tag":[123],"class_list":{"0":"post-9416","1":"product","2":"type-product","3":"status-publish","4":"has-post-thumbnail","6":"product_cat-apgaismojums","7":"product_cat-iebuvejamas-lampas","8":"product_tag-arkoslight","10":"first","11":"instock","12":"shipping-taxable","13":"purchasable","14":"product-type-simple"},"acf":[],"_links":{"self":[{"href":"https:\/\/lightup.lv\/lt\/wp-json\/wp\/v2\/product\/9416","targetHints":{"allow":["GET"]}}],"collection":[{"href":"https:\/\/lightup.lv\/lt\/wp-json\/wp\/v2\/product"}],"about":[{"href":"https:\/\/lightup.lv\/lt\/wp-json\/wp\/v2\/types\/product"}],"wp:featuredmedia":[{"embeddable":true,"href":"https:\/\/lightup.lv\/lt\/wp-json\/wp\/v2\/media\/9417"}],"wp:attachment":[{"href":"https:\/\/lightup.lv\/lt\/wp-json\/wp\/v2\/media?parent=9416"}],"wp:term":[{"taxonomy":"product_brand","embeddable":true,"href":"https:\/\/lightup.lv\/lt\/wp-json\/wp\/v2\/product_brand?post=9416"},{"taxonomy":"product_cat","embeddable":true,"href":"https:\/\/lightup.lv\/lt\/wp-json\/wp\/v2\/product_cat?post=9416"},{"taxonomy":"product_tag","embeddable":true,"href":"https:\/\/lightup.lv\/lt\/wp-json\/wp\/v2\/product_tag?post=9416"}],"curies":[{"name":"wp","href":"https:\/\/api.w.org\/{rel}","templated":true}]}}